{"id":7109,"date":"2022-08-06T17:54:03","date_gmt":"2022-08-06T15:54:04","guid":{"rendered":"https:\/\/paddockf1.hu\/?post_type=product&#038;p=7109"},"modified":"2022-08-08T16:12:10","modified_gmt":"2022-08-08T14:12:10","slug":"mick-schumacher-haas-f1-team-2022-season-mini-helmet","status":"publish","type":"product","link":"https:\/\/paddockf1.hu\/en\/forma1_f1_termekek\/mick-schumacher-haas-f1-team-2022-season-mini-helmet\/","title":{"rendered":"Mick Schumacher \u2013 HAAS F1 Team 2022 Season \u2013 Mini helmet"},"content":{"rendered":"<p>| Minden, ami Forma1 | Forma1 sisakok, Forma1 modellek, Forma1 ruh\u00e1zat, Forma1 aj\u00e1nd\u00e9kt\u00e1rgyak. |<\/p>\n","protected":false},"excerpt":{"rendered":"<p>Manufacture: Schuberth<br \/>\nScale: 1:2<br \/>\nSize about 17 cm.<br \/>\nA perfect replica of a real helmet, half the size.<\/p>\n","protected":false},"featured_media":7327,"comment_status":"open","ping_status":"closed","template":"","meta":[],"product_cat":[267,267,293,292,293,292,461,461,462,462,463,463],"product_tag":[465,465,466,466,467,467,468,468,276,276,277,277,278,278,279,279,308,308,469,469,296,296,470,470,471,471,492,307,307],"yoast_head":"<!-- This site is optimized with the Yoast SEO Premium plugin v17.6 (Yoast SEO v17.6) - https:\/\/yoast.com\/wordpress\/plugins\/seo\/ -->\n<title>Mick Schumacher \u2013 HAAS F1 Team 2022 Season \u2013 Mini helmet | PaddockF1<\/title>\n<meta name=\"description\" content=\"Mick Schumacher \u2013 HAAS F1 Team 2022 Season \u2013 Mini helmet\" \/>\n<meta name=\"robots\" content=\"index, follow, max-snippet:-1, max-image-preview:large, max-video-preview:-1\" \/>\n<link rel=\"canonical\" href=\"https:\/\/paddockf1.hu\/en\/forma1_f1_termekek\/mick-schumacher-haas-f1-team-2022-season-mini-helmet\/\" \/>\n<meta property=\"og:locale\" content=\"en_US\" \/>\n<meta property=\"og:type\" content=\"article\" \/>\n<meta property=\"og:title\" content=\"Mick Schumacher \u2013 HAAS F1 Team 2022 Season \u2013 Mini helmet\" \/>\n<meta property=\"og:description\" content=\"Mick Schumacher \u2013 HAAS F1 Team 2022 Season \u2013 Mini helmet\" \/>\n<meta property=\"og:url\" content=\"https:\/\/paddockf1.hu\/en\/forma1_f1_termekek\/mick-schumacher-haas-f1-team-2022-season-mini-helmet\/\" \/>\n<meta property=\"og:site_name\" content=\"PaddockF1\" \/>\n<meta property=\"article:publisher\" content=\"https:\/\/www.facebook.com\/F1model\" \/>\n<meta property=\"article:modified_time\" content=\"2022-08-08T14:12:10+00:00\" \/>\n<meta property=\"og:image\" content=\"https:\/\/paddockf1.hu\/wp-content\/uploads\/2022\/08\/2022-mick-schumacher-mini-helmet.jpg\" \/>\n\t<meta property=\"og:image:width\" content=\"800\" \/>\n\t<meta property=\"og:image:height\" content=\"800\" \/>\n<meta name=\"twitter:card\" content=\"summary_large_image\" \/>\n<meta name=\"twitter:label1\" content=\"Price\" \/>\n\t<meta name=\"twitter:data1\" content=\"66500&nbsp;&#70;&#116;\" \/>\n\t<meta name=\"twitter:label2\" content=\"Availability\" \/>\n\t<meta name=\"twitter:data2\" content=\"In stock\" \/>\n<script type=\"application\/ld+json\" class=\"yoast-schema-graph\">{\"@context\":\"https:\/\/schema.org\",\"@graph\":[{\"@type\":\"Organization\",\"@id\":\"https:\/\/paddockf1.hu\/#organization\",\"name\":\"PaddockF1\",\"url\":\"https:\/\/paddockf1.hu\/\",\"sameAs\":[\"https:\/\/www.facebook.com\/F1model\",\"https:\/\/www.instagram.com\/paddockf1_hu\/\",\"https:\/\/www.youtube.com\/channel\/UCuTUsfp6vJhZC2mEKxK5jUA\",\"https:\/\/hu.pinterest.com\/paddock_f1\"],\"logo\":{\"@type\":\"ImageObject\",\"@id\":\"https:\/\/paddockf1.hu\/#logo\",\"inLanguage\":\"en-US\",\"url\":\"https:\/\/paddockf1.hu\/wp-content\/uploads\/2021\/11\/Logo-terv-teljes-feher-4.0-e1637255061369.jpg\",\"contentUrl\":\"https:\/\/paddockf1.hu\/wp-content\/uploads\/2021\/11\/Logo-terv-teljes-feher-4.0-e1637255061369.jpg\",\"width\":400,\"height\":131,\"caption\":\"PaddockF1\"},\"image\":{\"@id\":\"https:\/\/paddockf1.hu\/#logo\"}},{\"@type\":\"WebSite\",\"@id\":\"https:\/\/paddockf1.hu\/#website\",\"url\":\"https:\/\/paddockf1.hu\/\",\"name\":\"PaddockF1\",\"description\":\"Minden, ami Forma1 | A legt\\u00f6bb \\u00e9s legjobb term\\u00e9kek az F1 vil\\u00e1g\\u00e1b\\u00f3l. Forma1 sisakok, Forma1 modellek, Forma1 ruh\\u00e1zat, Forma1 aj\\u00e1nd\\u00e9kt\\u00e1rgyak.\",\"publisher\":{\"@id\":\"https:\/\/paddockf1.hu\/#organization\"},\"potentialAction\":[{\"@type\":\"SearchAction\",\"target\":{\"@type\":\"EntryPoint\",\"urlTemplate\":\"https:\/\/paddockf1.hu\/?s={search_term_string}\"},\"query-input\":\"required name=search_term_string\"}],\"inLanguage\":\"en-US\"},{\"@type\":\"ImageObject\",\"@id\":\"https:\/\/paddockf1.hu\/en\/forma1_f1_termekek\/mick-schumacher-haas-f1-team-2022-season-mini-helmet\/#primaryimage\",\"inLanguage\":\"en-US\",\"url\":\"https:\/\/paddockf1.hu\/wp-content\/uploads\/2022\/08\/Mic22.jpg\",\"contentUrl\":\"https:\/\/paddockf1.hu\/wp-content\/uploads\/2022\/08\/Mic22.jpg\",\"width\":1135,\"height\":815,\"caption\":\"Forma1 Formula1 F1 sisak helmet SISAK Mick Schumacher - HAAS F1 Team 2022 Season - Mini helmet\"},{\"@type\":\"WebPage\",\"@id\":\"https:\/\/paddockf1.hu\/en\/forma1_f1_termekek\/mick-schumacher-haas-f1-team-2022-season-mini-helmet\/#webpage\",\"url\":\"https:\/\/paddockf1.hu\/en\/forma1_f1_termekek\/mick-schumacher-haas-f1-team-2022-season-mini-helmet\/\",\"name\":\"Mick Schumacher \\u2013 HAAS F1 Team 2022 Season \\u2013 Mini helmet | PaddockF1\",\"isPartOf\":{\"@id\":\"https:\/\/paddockf1.hu\/#website\"},\"primaryImageOfPage\":{\"@id\":\"https:\/\/paddockf1.hu\/en\/forma1_f1_termekek\/mick-schumacher-haas-f1-team-2022-season-mini-helmet\/#primaryimage\"},\"datePublished\":\"2022-08-06T15:54:04+00:00\",\"dateModified\":\"2022-08-08T14:12:10+00:00\",\"description\":\"Mick Schumacher \\u2013 HAAS F1 Team 2022 Season \\u2013 Mini helmet\",\"breadcrumb\":{\"@id\":\"https:\/\/paddockf1.hu\/en\/forma1_f1_termekek\/mick-schumacher-haas-f1-team-2022-season-mini-helmet\/#breadcrumb\"},\"inLanguage\":\"en-US\",\"potentialAction\":[{\"@type\":\"ReadAction\",\"target\":[\"https:\/\/paddockf1.hu\/en\/forma1_f1_termekek\/mick-schumacher-haas-f1-team-2022-season-mini-helmet\/\"]}]},{\"@type\":\"BreadcrumbList\",\"@id\":\"https:\/\/paddockf1.hu\/en\/forma1_f1_termekek\/mick-schumacher-haas-f1-team-2022-season-mini-helmet\/#breadcrumb\",\"itemListElement\":[{\"@type\":\"ListItem\",\"position\":1,\"name\":\"Kezd\\u0151lap\",\"item\":\"https:\/\/paddockf1.hu\/\"},{\"@type\":\"ListItem\",\"position\":2,\"name\":\"Formula1 Shop\",\"item\":\"https:\/\/paddockf1.hu\/en\/formula-1-shop\/\"},{\"@type\":\"ListItem\",\"position\":3,\"name\":\"Mick Schumacher \\u2013 HAAS F1 Team 2022 Season \\u2013 Mini helmet\"}]}]}<\/script>\n<meta property=\"product:brand\" content=\"Schuberth\" \/>\n<meta property=\"product:price:amount\" content=\"66500\" \/>\n<meta property=\"product:price:currency\" content=\"HUF\" \/>\n<meta property=\"og:availability\" content=\"instock\" \/>\n<meta property=\"product:availability\" content=\"instock\" \/>\n<meta property=\"product:retailer_item_id\" content=\"SISAK Mick Schumacher - HAAS F1 Team 2022 Season - Mini helmet\" \/>\n<meta property=\"product:condition\" content=\"new\" \/>\n<!-- \/ Yoast SEO Premium plugin. -->","yoast_head_json":{"title":"Mick Schumacher \u2013 HAAS F1 Team 2022 Season \u2013 Mini helmet | PaddockF1","description":"Mick Schumacher \u2013 HAAS F1 Team 2022 Season \u2013 Mini helmet","robots":{"index":"index","follow":"follow","max-snippet":"max-snippet:-1","max-image-preview":"max-image-preview:large","max-video-preview":"max-video-preview:-1"},"canonical":"https:\/\/paddockf1.hu\/en\/forma1_f1_termekek\/mick-schumacher-haas-f1-team-2022-season-mini-helmet\/","og_locale":"en_US","og_type":"article","og_title":"Mick Schumacher \u2013 HAAS F1 Team 2022 Season \u2013 Mini helmet","og_description":"Mick Schumacher \u2013 HAAS F1 Team 2022 Season \u2013 Mini helmet","og_url":"https:\/\/paddockf1.hu\/en\/forma1_f1_termekek\/mick-schumacher-haas-f1-team-2022-season-mini-helmet\/","og_site_name":"PaddockF1","article_publisher":"https:\/\/www.facebook.com\/F1model","article_modified_time":"2022-08-08T14:12:10+00:00","og_image":[{"width":800,"height":800,"url":"https:\/\/paddockf1.hu\/wp-content\/uploads\/2022\/08\/2022-mick-schumacher-mini-helmet.jpg","type":"image\/jpeg"}],"twitter_card":"summary_large_image","twitter_misc":{"Price":"66500&nbsp;&#70;&#116;","Availability":"In stock"},"schema":{"@context":"https:\/\/schema.org","@graph":[{"@type":"Organization","@id":"https:\/\/paddockf1.hu\/#organization","name":"PaddockF1","url":"https:\/\/paddockf1.hu\/","sameAs":["https:\/\/www.facebook.com\/F1model","https:\/\/www.instagram.com\/paddockf1_hu\/","https:\/\/www.youtube.com\/channel\/UCuTUsfp6vJhZC2mEKxK5jUA","https:\/\/hu.pinterest.com\/paddock_f1"],"logo":{"@type":"ImageObject","@id":"https:\/\/paddockf1.hu\/#logo","inLanguage":"en-US","url":"https:\/\/paddockf1.hu\/wp-content\/uploads\/2021\/11\/Logo-terv-teljes-feher-4.0-e1637255061369.jpg","contentUrl":"https:\/\/paddockf1.hu\/wp-content\/uploads\/2021\/11\/Logo-terv-teljes-feher-4.0-e1637255061369.jpg","width":400,"height":131,"caption":"PaddockF1"},"image":{"@id":"https:\/\/paddockf1.hu\/#logo"}},{"@type":"WebSite","@id":"https:\/\/paddockf1.hu\/#website","url":"https:\/\/paddockf1.hu\/","name":"PaddockF1","description":"Minden, ami Forma1 | A legt\u00f6bb \u00e9s legjobb term\u00e9kek az F1 vil\u00e1g\u00e1b\u00f3l. Forma1 sisakok, Forma1 modellek, Forma1 ruh\u00e1zat, Forma1 aj\u00e1nd\u00e9kt\u00e1rgyak.","publisher":{"@id":"https:\/\/paddockf1.hu\/#organization"},"potentialAction":[{"@type":"SearchAction","target":{"@type":"EntryPoint","urlTemplate":"https:\/\/paddockf1.hu\/?s={search_term_string}"},"query-input":"required name=search_term_string"}],"inLanguage":"en-US"},{"@type":"ImageObject","@id":"https:\/\/paddockf1.hu\/en\/forma1_f1_termekek\/mick-schumacher-haas-f1-team-2022-season-mini-helmet\/#primaryimage","inLanguage":"en-US","url":"https:\/\/paddockf1.hu\/wp-content\/uploads\/2022\/08\/Mic22.jpg","contentUrl":"https:\/\/paddockf1.hu\/wp-content\/uploads\/2022\/08\/Mic22.jpg","width":1135,"height":815,"caption":"Forma1 Formula1 F1 sisak helmet SISAK Mick Schumacher - HAAS F1 Team 2022 Season - Mini helmet"},{"@type":"WebPage","@id":"https:\/\/paddockf1.hu\/en\/forma1_f1_termekek\/mick-schumacher-haas-f1-team-2022-season-mini-helmet\/#webpage","url":"https:\/\/paddockf1.hu\/en\/forma1_f1_termekek\/mick-schumacher-haas-f1-team-2022-season-mini-helmet\/","name":"Mick Schumacher \u2013 HAAS F1 Team 2022 Season \u2013 Mini helmet | PaddockF1","isPartOf":{"@id":"https:\/\/paddockf1.hu\/#website"},"primaryImageOfPage":{"@id":"https:\/\/paddockf1.hu\/en\/forma1_f1_termekek\/mick-schumacher-haas-f1-team-2022-season-mini-helmet\/#primaryimage"},"datePublished":"2022-08-06T15:54:04+00:00","dateModified":"2022-08-08T14:12:10+00:00","description":"Mick Schumacher \u2013 HAAS F1 Team 2022 Season \u2013 Mini helmet","breadcrumb":{"@id":"https:\/\/paddockf1.hu\/en\/forma1_f1_termekek\/mick-schumacher-haas-f1-team-2022-season-mini-helmet\/#breadcrumb"},"inLanguage":"en-US","potentialAction":[{"@type":"ReadAction","target":["https:\/\/paddockf1.hu\/en\/forma1_f1_termekek\/mick-schumacher-haas-f1-team-2022-season-mini-helmet\/"]}]},{"@type":"BreadcrumbList","@id":"https:\/\/paddockf1.hu\/en\/forma1_f1_termekek\/mick-schumacher-haas-f1-team-2022-season-mini-helmet\/#breadcrumb","itemListElement":[{"@type":"ListItem","position":1,"name":"Kezd\u0151lap","item":"https:\/\/paddockf1.hu\/"},{"@type":"ListItem","position":2,"name":"Formula1 Shop","item":"https:\/\/paddockf1.hu\/en\/formula-1-shop\/"},{"@type":"ListItem","position":3,"name":"Mick Schumacher \u2013 HAAS F1 Team 2022 Season \u2013 Mini helmet"}]}]},"product_brand":"Schuberth","product_price_amount":"66500","product_price_currency":"HUF","og_availability":"instock","product_availability":"instock","product_retailer_item_id":"SISAK Mick Schumacher - HAAS F1 Team 2022 Season - Mini helmet","product_condition":"new"},"_links":{"self":[{"href":"https:\/\/paddockf1.hu\/en\/wp-json\/wp\/v2\/product\/7109"}],"collection":[{"href":"https:\/\/paddockf1.hu\/en\/wp-json\/wp\/v2\/product"}],"about":[{"href":"https:\/\/paddockf1.hu\/en\/wp-json\/wp\/v2\/types\/product"}],"replies":[{"embeddable":true,"href":"https:\/\/paddockf1.hu\/en\/wp-json\/wp\/v2\/comments?post=7109"}],"wp:featuredmedia":[{"embeddable":true,"href":"https:\/\/paddockf1.hu\/en\/wp-json\/wp\/v2\/media\/7327"}],"wp:attachment":[{"href":"https:\/\/paddockf1.hu\/en\/wp-json\/wp\/v2\/media?parent=7109"}],"wp:term":[{"taxonomy":"product_cat","embeddable":true,"href":"https:\/\/paddockf1.hu\/en\/wp-json\/wp\/v2\/product_cat?post=7109"},{"taxonomy":"product_tag","embeddable":true,"href":"https:\/\/paddockf1.hu\/en\/wp-json\/wp\/v2\/product_tag?post=7109"}],"curies":[{"name":"wp","href":"https:\/\/api.w.org\/{rel}","templated":true}]}}