{"id":6182,"date":"2021-12-29T08:55:08","date_gmt":"2021-12-29T07:55:08","guid":{"rendered":"https:\/\/paddockf1.hu\/forma1_f1_termekek\/verstappen-diorama-4-2021-12-21-2021-12-28\/"},"modified":"2022-01-03T13:55:00","modified_gmt":"2022-01-03T12:55:00","slug":"verstappen-diorama-4-2021-12-21-2021-12-28","status":"publish","type":"product","link":"https:\/\/paddockf1.hu\/en\/forma1_f1_termekek\/verstappen-diorama-4-2021-12-21-2021-12-28\/","title":{"rendered":"Verstappen Diorama 4. (2021.12. 21.-2021.12.28.)"},"content":{"rendered":"","protected":false},"excerpt":{"rendered":"<p><span style=\"color: #000000;\">FREE DOWNLOAD DIORAMA WALLPAPER IN DIFFERENT SIZES!<\/span><\/p>\n<p><span style=\"color: #000000;\">Self-constructed and self-constructed diorama in Max Verstappen (33)<\/span><\/p>\n<p><span style=\"color: #000000;\">Model used:<\/span><\/p>\n<p><span style=\"color: #000000;\">RED BULL RB15 &#8211; MAX VERSTAPPEN GP BRAZIL 2019 model<\/span><\/p>\n<p><span style=\"color: #000000;\"><em><span style=\"color: #ff0000;\">The download is free during the specified period but registration is required! It is no longer available for free after the end of the period!<\/span><\/em><br \/>\n<\/span><\/p>\n","protected":false},"featured_media":6037,"comment_status":"closed","ping_status":"closed","template":"","meta":[],"product_cat":[235],"product_tag":[249,250,251,252,391],"yoast_head":"<!-- This site is optimized with the Yoast SEO Premium plugin v17.6 (Yoast SEO v17.6) - https:\/\/yoast.com\/wordpress\/plugins\/seo\/ -->\n<title>Verstappen Diorama 4. (2021.12. 21.-2021.12.28.) | PaddockF1<\/title>\n<meta name=\"robots\" content=\"index, follow, max-snippet:-1, max-image-preview:large, max-video-preview:-1\" \/>\n<link rel=\"canonical\" href=\"https:\/\/paddockf1.hu\/en\/forma1_f1_termekek\/verstappen-diorama-4-2021-12-21-2021-12-28\/\" \/>\n<meta property=\"og:locale\" content=\"en_US\" \/>\n<meta property=\"og:type\" content=\"article\" \/>\n<meta property=\"og:title\" content=\"Verstappen Diorama 4. (2021.12. 21.-2021.12.28.)\" \/>\n<meta property=\"og:description\" content=\"FREE DOWNLOAD DIORAMA WALLPAPER IN DIFFERENT SIZES!  Self-constructed and self-constructed diorama in Max Verstappen (33)  Model used:  RED BULL RB15 - MAX VERSTAPPEN GP BRAZIL 2019 model  The download is free during the specified period but registration is required! It is no longer available for free after the end of the period!\" \/>\n<meta property=\"og:url\" content=\"https:\/\/paddockf1.hu\/en\/forma1_f1_termekek\/verstappen-diorama-4-2021-12-21-2021-12-28\/\" \/>\n<meta property=\"og:site_name\" content=\"PaddockF1\" \/>\n<meta property=\"article:publisher\" content=\"https:\/\/www.facebook.com\/F1model\" \/>\n<meta property=\"article:modified_time\" content=\"2022-01-03T12:55:00+00:00\" \/>\n<meta name=\"twitter:card\" content=\"summary_large_image\" \/>\n<meta name=\"twitter:label1\" content=\"Availability\" \/>\n\t<meta name=\"twitter:data1\" content=\"In stock\" \/>\n<script type=\"application\/ld+json\" class=\"yoast-schema-graph\">{\"@context\":\"https:\/\/schema.org\",\"@graph\":[{\"@type\":\"Organization\",\"@id\":\"https:\/\/paddockf1.hu\/#organization\",\"name\":\"PaddockF1\",\"url\":\"https:\/\/paddockf1.hu\/\",\"sameAs\":[\"https:\/\/www.facebook.com\/F1model\",\"https:\/\/www.instagram.com\/paddockf1_hu\/\",\"https:\/\/www.youtube.com\/channel\/UCuTUsfp6vJhZC2mEKxK5jUA\",\"https:\/\/hu.pinterest.com\/paddock_f1\"],\"logo\":{\"@type\":\"ImageObject\",\"@id\":\"https:\/\/paddockf1.hu\/#logo\",\"inLanguage\":\"en-US\",\"url\":\"https:\/\/paddockf1.hu\/wp-content\/uploads\/2021\/11\/Logo-terv-teljes-feher-4.0-e1637255061369.jpg\",\"contentUrl\":\"https:\/\/paddockf1.hu\/wp-content\/uploads\/2021\/11\/Logo-terv-teljes-feher-4.0-e1637255061369.jpg\",\"width\":400,\"height\":131,\"caption\":\"PaddockF1\"},\"image\":{\"@id\":\"https:\/\/paddockf1.hu\/#logo\"}},{\"@type\":\"WebSite\",\"@id\":\"https:\/\/paddockf1.hu\/#website\",\"url\":\"https:\/\/paddockf1.hu\/\",\"name\":\"PaddockF1\",\"description\":\"Minden, ami Forma1 | A legt\\u00f6bb \\u00e9s legjobb term\\u00e9kek az F1 vil\\u00e1g\\u00e1b\\u00f3l. Forma1 sisakok, Forma1 modellek, Forma1 ruh\\u00e1zat, Forma1 aj\\u00e1nd\\u00e9kt\\u00e1rgyak.\",\"publisher\":{\"@id\":\"https:\/\/paddockf1.hu\/#organization\"},\"potentialAction\":[{\"@type\":\"SearchAction\",\"target\":{\"@type\":\"EntryPoint\",\"urlTemplate\":\"https:\/\/paddockf1.hu\/?s={search_term_string}\"},\"query-input\":\"required name=search_term_string\"}],\"inLanguage\":\"en-US\"},{\"@type\":\"ImageObject\",\"@id\":\"https:\/\/paddockf1.hu\/en\/forma1_f1_termekek\/verstappen-diorama-4-2021-12-21-2021-12-28\/#primaryimage\",\"inLanguage\":\"en-US\",\"url\":\"https:\/\/paddockf1.hu\/wp-content\/uploads\/2021\/12\/verstappen2-paddockf1-f1-diorama-2021-12-14.jpg\",\"contentUrl\":\"https:\/\/paddockf1.hu\/wp-content\/uploads\/2021\/12\/verstappen2-paddockf1-f1-diorama-2021-12-14.jpg\",\"width\":800,\"height\":450},{\"@type\":\"WebPage\",\"@id\":\"https:\/\/paddockf1.hu\/en\/forma1_f1_termekek\/verstappen-diorama-4-2021-12-21-2021-12-28\/#webpage\",\"url\":\"https:\/\/paddockf1.hu\/en\/forma1_f1_termekek\/verstappen-diorama-4-2021-12-21-2021-12-28\/\",\"name\":\"Verstappen Diorama 4. (2021.12. 21.-2021.12.28.) | PaddockF1\",\"isPartOf\":{\"@id\":\"https:\/\/paddockf1.hu\/#website\"},\"primaryImageOfPage\":{\"@id\":\"https:\/\/paddockf1.hu\/en\/forma1_f1_termekek\/verstappen-diorama-4-2021-12-21-2021-12-28\/#primaryimage\"},\"datePublished\":\"2021-12-29T07:55:08+00:00\",\"dateModified\":\"2022-01-03T12:55:00+00:00\",\"breadcrumb\":{\"@id\":\"https:\/\/paddockf1.hu\/en\/forma1_f1_termekek\/verstappen-diorama-4-2021-12-21-2021-12-28\/#breadcrumb\"},\"inLanguage\":\"en-US\",\"potentialAction\":[{\"@type\":\"ReadAction\",\"target\":[\"https:\/\/paddockf1.hu\/en\/forma1_f1_termekek\/verstappen-diorama-4-2021-12-21-2021-12-28\/\"]}]},{\"@type\":\"BreadcrumbList\",\"@id\":\"https:\/\/paddockf1.hu\/en\/forma1_f1_termekek\/verstappen-diorama-4-2021-12-21-2021-12-28\/#breadcrumb\",\"itemListElement\":[{\"@type\":\"ListItem\",\"position\":1,\"name\":\"Kezd\\u0151lap\",\"item\":\"https:\/\/paddockf1.hu\/\"},{\"@type\":\"ListItem\",\"position\":2,\"name\":\"Formula1 Shop\",\"item\":\"https:\/\/paddockf1.hu\/en\/formula-1-shop\/\"},{\"@type\":\"ListItem\",\"position\":3,\"name\":\"Verstappen Dior\\u00e1ma 4. (2021.12. 21.-2021.12.28.)\"}]}]}<\/script>\n<meta property=\"og:availability\" content=\"instock\" \/>\n<meta property=\"product:availability\" content=\"instock\" \/>\n<meta property=\"product:retailer_item_id\" content=\"Verstappen Diorama 4\" \/>\n<meta property=\"product:condition\" content=\"new\" \/>\n<!-- \/ Yoast SEO Premium plugin. -->","yoast_head_json":{"title":"Verstappen Diorama 4. (2021.12. 21.-2021.12.28.) | PaddockF1","robots":{"index":"index","follow":"follow","max-snippet":"max-snippet:-1","max-image-preview":"max-image-preview:large","max-video-preview":"max-video-preview:-1"},"canonical":"https:\/\/paddockf1.hu\/en\/forma1_f1_termekek\/verstappen-diorama-4-2021-12-21-2021-12-28\/","og_locale":"en_US","og_type":"article","og_title":"Verstappen Diorama 4. (2021.12. 21.-2021.12.28.)","og_description":"FREE DOWNLOAD DIORAMA WALLPAPER IN DIFFERENT SIZES!  Self-constructed and self-constructed diorama in Max Verstappen (33)  Model used:  RED BULL RB15 - MAX VERSTAPPEN GP BRAZIL 2019 model  The download is free during the specified period but registration is required! It is no longer available for free after the end of the period!","og_url":"https:\/\/paddockf1.hu\/en\/forma1_f1_termekek\/verstappen-diorama-4-2021-12-21-2021-12-28\/","og_site_name":"PaddockF1","article_publisher":"https:\/\/www.facebook.com\/F1model","article_modified_time":"2022-01-03T12:55:00+00:00","twitter_card":"summary_large_image","twitter_misc":{"Availability":"In stock"},"schema":{"@context":"https:\/\/schema.org","@graph":[{"@type":"Organization","@id":"https:\/\/paddockf1.hu\/#organization","name":"PaddockF1","url":"https:\/\/paddockf1.hu\/","sameAs":["https:\/\/www.facebook.com\/F1model","https:\/\/www.instagram.com\/paddockf1_hu\/","https:\/\/www.youtube.com\/channel\/UCuTUsfp6vJhZC2mEKxK5jUA","https:\/\/hu.pinterest.com\/paddock_f1"],"logo":{"@type":"ImageObject","@id":"https:\/\/paddockf1.hu\/#logo","inLanguage":"en-US","url":"https:\/\/paddockf1.hu\/wp-content\/uploads\/2021\/11\/Logo-terv-teljes-feher-4.0-e1637255061369.jpg","contentUrl":"https:\/\/paddockf1.hu\/wp-content\/uploads\/2021\/11\/Logo-terv-teljes-feher-4.0-e1637255061369.jpg","width":400,"height":131,"caption":"PaddockF1"},"image":{"@id":"https:\/\/paddockf1.hu\/#logo"}},{"@type":"WebSite","@id":"https:\/\/paddockf1.hu\/#website","url":"https:\/\/paddockf1.hu\/","name":"PaddockF1","description":"Minden, ami Forma1 | A legt\u00f6bb \u00e9s legjobb term\u00e9kek az F1 vil\u00e1g\u00e1b\u00f3l. Forma1 sisakok, Forma1 modellek, Forma1 ruh\u00e1zat, Forma1 aj\u00e1nd\u00e9kt\u00e1rgyak.","publisher":{"@id":"https:\/\/paddockf1.hu\/#organization"},"potentialAction":[{"@type":"SearchAction","target":{"@type":"EntryPoint","urlTemplate":"https:\/\/paddockf1.hu\/?s={search_term_string}"},"query-input":"required name=search_term_string"}],"inLanguage":"en-US"},{"@type":"ImageObject","@id":"https:\/\/paddockf1.hu\/en\/forma1_f1_termekek\/verstappen-diorama-4-2021-12-21-2021-12-28\/#primaryimage","inLanguage":"en-US","url":"https:\/\/paddockf1.hu\/wp-content\/uploads\/2021\/12\/verstappen2-paddockf1-f1-diorama-2021-12-14.jpg","contentUrl":"https:\/\/paddockf1.hu\/wp-content\/uploads\/2021\/12\/verstappen2-paddockf1-f1-diorama-2021-12-14.jpg","width":800,"height":450},{"@type":"WebPage","@id":"https:\/\/paddockf1.hu\/en\/forma1_f1_termekek\/verstappen-diorama-4-2021-12-21-2021-12-28\/#webpage","url":"https:\/\/paddockf1.hu\/en\/forma1_f1_termekek\/verstappen-diorama-4-2021-12-21-2021-12-28\/","name":"Verstappen Diorama 4. (2021.12. 21.-2021.12.28.) | PaddockF1","isPartOf":{"@id":"https:\/\/paddockf1.hu\/#website"},"primaryImageOfPage":{"@id":"https:\/\/paddockf1.hu\/en\/forma1_f1_termekek\/verstappen-diorama-4-2021-12-21-2021-12-28\/#primaryimage"},"datePublished":"2021-12-29T07:55:08+00:00","dateModified":"2022-01-03T12:55:00+00:00","breadcrumb":{"@id":"https:\/\/paddockf1.hu\/en\/forma1_f1_termekek\/verstappen-diorama-4-2021-12-21-2021-12-28\/#breadcrumb"},"inLanguage":"en-US","potentialAction":[{"@type":"ReadAction","target":["https:\/\/paddockf1.hu\/en\/forma1_f1_termekek\/verstappen-diorama-4-2021-12-21-2021-12-28\/"]}]},{"@type":"BreadcrumbList","@id":"https:\/\/paddockf1.hu\/en\/forma1_f1_termekek\/verstappen-diorama-4-2021-12-21-2021-12-28\/#breadcrumb","itemListElement":[{"@type":"ListItem","position":1,"name":"Kezd\u0151lap","item":"https:\/\/paddockf1.hu\/"},{"@type":"ListItem","position":2,"name":"Formula1 Shop","item":"https:\/\/paddockf1.hu\/en\/formula-1-shop\/"},{"@type":"ListItem","position":3,"name":"Verstappen Dior\u00e1ma 4. (2021.12. 21.-2021.12.28.)"}]}]},"og_availability":"instock","product_availability":"instock","product_retailer_item_id":"Verstappen Diorama 4","product_condition":"new"},"_links":{"self":[{"href":"https:\/\/paddockf1.hu\/en\/wp-json\/wp\/v2\/product\/6182"}],"collection":[{"href":"https:\/\/paddockf1.hu\/en\/wp-json\/wp\/v2\/product"}],"about":[{"href":"https:\/\/paddockf1.hu\/en\/wp-json\/wp\/v2\/types\/product"}],"replies":[{"embeddable":true,"href":"https:\/\/paddockf1.hu\/en\/wp-json\/wp\/v2\/comments?post=6182"}],"wp:featuredmedia":[{"embeddable":true,"href":"https:\/\/paddockf1.hu\/en\/wp-json\/wp\/v2\/media\/6037"}],"wp:attachment":[{"href":"https:\/\/paddockf1.hu\/en\/wp-json\/wp\/v2\/media?parent=6182"}],"wp:term":[{"taxonomy":"product_cat","embeddable":true,"href":"https:\/\/paddockf1.hu\/en\/wp-json\/wp\/v2\/product_cat?post=6182"},{"taxonomy":"product_tag","embeddable":true,"href":"https:\/\/paddockf1.hu\/en\/wp-json\/wp\/v2\/product_tag?post=6182"}],"curies":[{"name":"wp","href":"https:\/\/api.w.org\/{rel}","templated":true}]}}