{"id":5785,"date":"2021-12-04T03:27:41","date_gmt":"2021-12-04T02:48:58","guid":{"rendered":"https:\/\/paddockf1.hu\/forma1_f1_termekek\/mclaren-mp4-2b-v6-f1-tag-team-marlboro-winner-dutch-gp-1985-niki-lauda\/"},"modified":"2021-12-04T05:50:37","modified_gmt":"2021-12-04T04:50:37","slug":"mclaren-mp4-2b-v6-f1-tag-team-marlboro-winner-dutch-gp-1985-niki-lauda","status":"publish","type":"product","link":"https:\/\/paddockf1.hu\/en\/forma1_f1_termekek\/mclaren-mp4-2b-v6-f1-tag-team-marlboro-winner-dutch-gp-1985-niki-lauda\/","title":{"rendered":"McLaren MP4 2B V6 F1 TAG Team Marlboro winner Dutch GP 1985 Niki Lauda"},"content":{"rendered":"<p>| Everything about Formula 1 | Formula1 helmets, Formula1 models, Formula1 clothing, Formula1 souvenirs. |<\/p>\n","protected":false},"excerpt":{"rendered":"<p>Manufacturer: MCG<br \/>\nMaterial: metal<br \/>\nScale:1:18<br \/>\nType: MP4\/2B &#8211; GP Pays-Bas 1985<br \/>\nYear: 1985<br \/>\nPilots: Niki Lauda<\/p>\n","protected":false},"featured_media":5781,"comment_status":"open","ping_status":"closed","template":"","meta":[],"product_cat":[268,269,270,271,272],"product_tag":[273,358,276,277,278,279,360,351,280,281,359],"yoast_head":"<!-- This site is optimized with the Yoast SEO Premium plugin v17.6 (Yoast SEO v17.6) - https:\/\/yoast.com\/wordpress\/plugins\/seo\/ -->\n<title>McLaren MP4 2B V6 F1 TAG Team Marlboro winner Dutch GP 1985 Niki Lauda | PaddockF1<\/title>\n<meta name=\"description\" content=\"McLaren MP4 2B V6 F1 TAG Team Marlboro winner Dutch GP 1985 Niki Lauda model | Minden, ami Forma1 | Forma1 sisak, Forma1 modell, Forma1 ruh\u00e1zat, aj\u00e1nd\u00e9kt\u00e1rgyak.\" \/>\n<meta name=\"robots\" content=\"index, follow, max-snippet:-1, max-image-preview:large, max-video-preview:-1\" \/>\n<link rel=\"canonical\" href=\"https:\/\/paddockf1.hu\/forma1_f1_termekek\/f1-modell-mclaren-mp4-2b-v6-f1-tag-team-marlboro-winner-dutch-gp-1985-niki-lauda\/\" \/>\n<meta property=\"og:locale\" content=\"en_US\" \/>\n<meta property=\"og:type\" content=\"article\" \/>\n<meta property=\"og:title\" content=\"McLaren MP4 2B V6 F1 TAG Team Marlboro winner Dutch GP 1985 Niki Lauda\" \/>\n<meta property=\"og:description\" content=\"McLaren MP4 2B V6 F1 TAG Team Marlboro winner Dutch GP 1985 Niki Lauda model | Minden, ami Forma1 | Forma1 sisak, Forma1 modell, Forma1 ruh\u00e1zat, aj\u00e1nd\u00e9kt\u00e1rgyak.\" \/>\n<meta property=\"og:url\" content=\"https:\/\/paddockf1.hu\/forma1_f1_termekek\/f1-modell-mclaren-mp4-2b-v6-f1-tag-team-marlboro-winner-dutch-gp-1985-niki-lauda\/\" \/>\n<meta property=\"og:site_name\" content=\"PaddockF1\" \/>\n<meta property=\"article:publisher\" content=\"https:\/\/www.facebook.com\/F1model\" \/>\n<meta property=\"article:modified_time\" content=\"2021-12-04T04:50:37+00:00\" \/>\n<meta property=\"og:image\" content=\"https:\/\/paddockf1.hu\/wp-content\/uploads\/2021\/12\/Forma1-Formula1-F1-modell-model-McLaren-MP4-2B-V6-F1-TAG-Team-Marlboro-winner-Dutch-GP-1985-Niki-Lauda-1.jpg\" \/>\n\t<meta property=\"og:image:width\" content=\"1135\" \/>\n\t<meta property=\"og:image:height\" content=\"700\" \/>\n<meta name=\"twitter:card\" content=\"summary_large_image\" \/>\n<meta name=\"twitter:label1\" content=\"Price\" \/>\n\t<meta name=\"twitter:data1\" content=\"30300&nbsp;&#70;&#116;\" \/>\n\t<meta name=\"twitter:label2\" content=\"Availability\" \/>\n\t<meta name=\"twitter:data2\" content=\"Out of stock\" \/>\n<script type=\"application\/ld+json\" class=\"yoast-schema-graph\">{\"@context\":\"https:\/\/schema.org\",\"@graph\":[{\"@type\":\"Organization\",\"@id\":\"https:\/\/paddockf1.hu\/#organization\",\"name\":\"PaddockF1\",\"url\":\"https:\/\/paddockf1.hu\/\",\"sameAs\":[\"https:\/\/www.facebook.com\/F1model\",\"https:\/\/www.instagram.com\/paddockf1_hu\/\",\"https:\/\/www.youtube.com\/channel\/UCuTUsfp6vJhZC2mEKxK5jUA\",\"https:\/\/hu.pinterest.com\/paddock_f1\"],\"logo\":{\"@type\":\"ImageObject\",\"@id\":\"https:\/\/paddockf1.hu\/#logo\",\"inLanguage\":\"en-US\",\"url\":\"https:\/\/paddockf1.hu\/wp-content\/uploads\/2021\/11\/Logo-terv-teljes-feher-4.0-e1637255061369.jpg\",\"contentUrl\":\"https:\/\/paddockf1.hu\/wp-content\/uploads\/2021\/11\/Logo-terv-teljes-feher-4.0-e1637255061369.jpg\",\"width\":400,\"height\":131,\"caption\":\"PaddockF1\"},\"image\":{\"@id\":\"https:\/\/paddockf1.hu\/#logo\"}},{\"@type\":\"WebSite\",\"@id\":\"https:\/\/paddockf1.hu\/#website\",\"url\":\"https:\/\/paddockf1.hu\/\",\"name\":\"PaddockF1\",\"description\":\"Minden, ami Forma1 | A legt\\u00f6bb \\u00e9s legjobb term\\u00e9kek az F1 vil\\u00e1g\\u00e1b\\u00f3l. Forma1 sisakok, Forma1 modellek, Forma1 ruh\\u00e1zat, Forma1 aj\\u00e1nd\\u00e9kt\\u00e1rgyak.\",\"publisher\":{\"@id\":\"https:\/\/paddockf1.hu\/#organization\"},\"potentialAction\":[{\"@type\":\"SearchAction\",\"target\":{\"@type\":\"EntryPoint\",\"urlTemplate\":\"https:\/\/paddockf1.hu\/?s={search_term_string}\"},\"query-input\":\"required name=search_term_string\"}],\"inLanguage\":\"en-US\"},{\"@type\":\"ImageObject\",\"@id\":\"https:\/\/paddockf1.hu\/forma1_f1_termekek\/f1-modell-mclaren-mp4-2b-v6-f1-tag-team-marlboro-winner-dutch-gp-1985-niki-lauda\/#primaryimage\",\"inLanguage\":\"en-US\",\"url\":\"https:\/\/paddockf1.hu\/wp-content\/uploads\/2021\/12\/Forma1-Formula1-F1-modell-model-McLaren-MP4-2B-V6-F1-TAG-Team-Marlboro-winner-Dutch-GP-1985-Niki-Lauda-1.jpg\",\"contentUrl\":\"https:\/\/paddockf1.hu\/wp-content\/uploads\/2021\/12\/Forma1-Formula1-F1-modell-model-McLaren-MP4-2B-V6-F1-TAG-Team-Marlboro-winner-Dutch-GP-1985-Niki-Lauda-1.jpg\",\"width\":1135,\"height\":700,\"caption\":\"Forma1 Formula1 F1 modell model McLaren MP4 2B V6 F1 TAG Team Marlboro winner Dutch GP 1985 Niki Lauda\"},{\"@type\":\"WebPage\",\"@id\":\"https:\/\/paddockf1.hu\/forma1_f1_termekek\/f1-modell-mclaren-mp4-2b-v6-f1-tag-team-marlboro-winner-dutch-gp-1985-niki-lauda\/#webpage\",\"url\":\"https:\/\/paddockf1.hu\/forma1_f1_termekek\/f1-modell-mclaren-mp4-2b-v6-f1-tag-team-marlboro-winner-dutch-gp-1985-niki-lauda\/\",\"name\":\"McLaren MP4 2B V6 F1 TAG Team Marlboro winner Dutch GP 1985 Niki Lauda | PaddockF1\",\"isPartOf\":{\"@id\":\"https:\/\/paddockf1.hu\/#website\"},\"primaryImageOfPage\":{\"@id\":\"https:\/\/paddockf1.hu\/forma1_f1_termekek\/f1-modell-mclaren-mp4-2b-v6-f1-tag-team-marlboro-winner-dutch-gp-1985-niki-lauda\/#primaryimage\"},\"datePublished\":\"2021-12-04T02:48:58+00:00\",\"dateModified\":\"2021-12-04T04:50:37+00:00\",\"description\":\"McLaren MP4 2B V6 F1 TAG Team Marlboro winner Dutch GP 1985 Niki Lauda model | Minden, ami Forma1 | Forma1 sisak, Forma1 modell, Forma1 ruh\\u00e1zat, aj\\u00e1nd\\u00e9kt\\u00e1rgyak.\",\"breadcrumb\":{\"@id\":\"https:\/\/paddockf1.hu\/forma1_f1_termekek\/f1-modell-mclaren-mp4-2b-v6-f1-tag-team-marlboro-winner-dutch-gp-1985-niki-lauda\/#breadcrumb\"},\"inLanguage\":\"en-US\",\"potentialAction\":[{\"@type\":\"ReadAction\",\"target\":[\"https:\/\/paddockf1.hu\/forma1_f1_termekek\/f1-modell-mclaren-mp4-2b-v6-f1-tag-team-marlboro-winner-dutch-gp-1985-niki-lauda\/\"]}]},{\"@type\":\"BreadcrumbList\",\"@id\":\"https:\/\/paddockf1.hu\/forma1_f1_termekek\/f1-modell-mclaren-mp4-2b-v6-f1-tag-team-marlboro-winner-dutch-gp-1985-niki-lauda\/#breadcrumb\",\"itemListElement\":[{\"@type\":\"ListItem\",\"position\":1,\"name\":\"Kezd\\u0151lap\",\"item\":\"https:\/\/paddockf1.hu\/\"},{\"@type\":\"ListItem\",\"position\":2,\"name\":\"Formula1 Shop\",\"item\":\"https:\/\/paddockf1.hu\/en\/formula-1-shop\/\"},{\"@type\":\"ListItem\",\"position\":3,\"name\":\"McLaren MP4 2B V6 F1 TAG Team Marlboro winner Dutch GP 1985 Niki Lauda\"}]}]}<\/script>\n<meta property=\"product:brand\" content=\"MCG\" \/>\n<meta property=\"product:price:amount\" content=\"30300\" \/>\n<meta property=\"product:price:currency\" content=\"HUF\" \/>\n<meta property=\"og:availability\" content=\"out of stock\" \/>\n<meta property=\"product:availability\" content=\"out of stock\" \/>\n<meta property=\"product:retailer_item_id\" content=\"McLaren MP4 2B V6 F1 TAG Team Marlboro winner Dutch GP 1985 Niki Lauda\" \/>\n<meta property=\"product:condition\" content=\"new\" \/>\n<!-- \/ Yoast SEO Premium plugin. -->","yoast_head_json":{"title":"McLaren MP4 2B V6 F1 TAG Team Marlboro winner Dutch GP 1985 Niki Lauda | PaddockF1","description":"McLaren MP4 2B V6 F1 TAG Team Marlboro winner Dutch GP 1985 Niki Lauda model | Minden, ami Forma1 | Forma1 sisak, Forma1 modell, Forma1 ruh\u00e1zat, aj\u00e1nd\u00e9kt\u00e1rgyak.","robots":{"index":"index","follow":"follow","max-snippet":"max-snippet:-1","max-image-preview":"max-image-preview:large","max-video-preview":"max-video-preview:-1"},"canonical":"https:\/\/paddockf1.hu\/forma1_f1_termekek\/f1-modell-mclaren-mp4-2b-v6-f1-tag-team-marlboro-winner-dutch-gp-1985-niki-lauda\/","og_locale":"en_US","og_type":"article","og_title":"McLaren MP4 2B V6 F1 TAG Team Marlboro winner Dutch GP 1985 Niki Lauda","og_description":"McLaren MP4 2B V6 F1 TAG Team Marlboro winner Dutch GP 1985 Niki Lauda model | Minden, ami Forma1 | Forma1 sisak, Forma1 modell, Forma1 ruh\u00e1zat, aj\u00e1nd\u00e9kt\u00e1rgyak.","og_url":"https:\/\/paddockf1.hu\/forma1_f1_termekek\/f1-modell-mclaren-mp4-2b-v6-f1-tag-team-marlboro-winner-dutch-gp-1985-niki-lauda\/","og_site_name":"PaddockF1","article_publisher":"https:\/\/www.facebook.com\/F1model","article_modified_time":"2021-12-04T04:50:37+00:00","og_image":[{"width":1135,"height":700,"url":"https:\/\/paddockf1.hu\/wp-content\/uploads\/2021\/12\/Forma1-Formula1-F1-modell-model-McLaren-MP4-2B-V6-F1-TAG-Team-Marlboro-winner-Dutch-GP-1985-Niki-Lauda-1.jpg","type":"image\/jpeg"}],"twitter_card":"summary_large_image","twitter_misc":{"Price":"30300&nbsp;&#70;&#116;","Availability":"Out of stock"},"schema":{"@context":"https:\/\/schema.org","@graph":[{"@type":"Organization","@id":"https:\/\/paddockf1.hu\/#organization","name":"PaddockF1","url":"https:\/\/paddockf1.hu\/","sameAs":["https:\/\/www.facebook.com\/F1model","https:\/\/www.instagram.com\/paddockf1_hu\/","https:\/\/www.youtube.com\/channel\/UCuTUsfp6vJhZC2mEKxK5jUA","https:\/\/hu.pinterest.com\/paddock_f1"],"logo":{"@type":"ImageObject","@id":"https:\/\/paddockf1.hu\/#logo","inLanguage":"en-US","url":"https:\/\/paddockf1.hu\/wp-content\/uploads\/2021\/11\/Logo-terv-teljes-feher-4.0-e1637255061369.jpg","contentUrl":"https:\/\/paddockf1.hu\/wp-content\/uploads\/2021\/11\/Logo-terv-teljes-feher-4.0-e1637255061369.jpg","width":400,"height":131,"caption":"PaddockF1"},"image":{"@id":"https:\/\/paddockf1.hu\/#logo"}},{"@type":"WebSite","@id":"https:\/\/paddockf1.hu\/#website","url":"https:\/\/paddockf1.hu\/","name":"PaddockF1","description":"Minden, ami Forma1 | A legt\u00f6bb \u00e9s legjobb term\u00e9kek az F1 vil\u00e1g\u00e1b\u00f3l. Forma1 sisakok, Forma1 modellek, Forma1 ruh\u00e1zat, Forma1 aj\u00e1nd\u00e9kt\u00e1rgyak.","publisher":{"@id":"https:\/\/paddockf1.hu\/#organization"},"potentialAction":[{"@type":"SearchAction","target":{"@type":"EntryPoint","urlTemplate":"https:\/\/paddockf1.hu\/?s={search_term_string}"},"query-input":"required name=search_term_string"}],"inLanguage":"en-US"},{"@type":"ImageObject","@id":"https:\/\/paddockf1.hu\/forma1_f1_termekek\/f1-modell-mclaren-mp4-2b-v6-f1-tag-team-marlboro-winner-dutch-gp-1985-niki-lauda\/#primaryimage","inLanguage":"en-US","url":"https:\/\/paddockf1.hu\/wp-content\/uploads\/2021\/12\/Forma1-Formula1-F1-modell-model-McLaren-MP4-2B-V6-F1-TAG-Team-Marlboro-winner-Dutch-GP-1985-Niki-Lauda-1.jpg","contentUrl":"https:\/\/paddockf1.hu\/wp-content\/uploads\/2021\/12\/Forma1-Formula1-F1-modell-model-McLaren-MP4-2B-V6-F1-TAG-Team-Marlboro-winner-Dutch-GP-1985-Niki-Lauda-1.jpg","width":1135,"height":700,"caption":"Forma1 Formula1 F1 modell model McLaren MP4 2B V6 F1 TAG Team Marlboro winner Dutch GP 1985 Niki Lauda"},{"@type":"WebPage","@id":"https:\/\/paddockf1.hu\/forma1_f1_termekek\/f1-modell-mclaren-mp4-2b-v6-f1-tag-team-marlboro-winner-dutch-gp-1985-niki-lauda\/#webpage","url":"https:\/\/paddockf1.hu\/forma1_f1_termekek\/f1-modell-mclaren-mp4-2b-v6-f1-tag-team-marlboro-winner-dutch-gp-1985-niki-lauda\/","name":"McLaren MP4 2B V6 F1 TAG Team Marlboro winner Dutch GP 1985 Niki Lauda | PaddockF1","isPartOf":{"@id":"https:\/\/paddockf1.hu\/#website"},"primaryImageOfPage":{"@id":"https:\/\/paddockf1.hu\/forma1_f1_termekek\/f1-modell-mclaren-mp4-2b-v6-f1-tag-team-marlboro-winner-dutch-gp-1985-niki-lauda\/#primaryimage"},"datePublished":"2021-12-04T02:48:58+00:00","dateModified":"2021-12-04T04:50:37+00:00","description":"McLaren MP4 2B V6 F1 TAG Team Marlboro winner Dutch GP 1985 Niki Lauda model | Minden, ami Forma1 | Forma1 sisak, Forma1 modell, Forma1 ruh\u00e1zat, aj\u00e1nd\u00e9kt\u00e1rgyak.","breadcrumb":{"@id":"https:\/\/paddockf1.hu\/forma1_f1_termekek\/f1-modell-mclaren-mp4-2b-v6-f1-tag-team-marlboro-winner-dutch-gp-1985-niki-lauda\/#breadcrumb"},"inLanguage":"en-US","potentialAction":[{"@type":"ReadAction","target":["https:\/\/paddockf1.hu\/forma1_f1_termekek\/f1-modell-mclaren-mp4-2b-v6-f1-tag-team-marlboro-winner-dutch-gp-1985-niki-lauda\/"]}]},{"@type":"BreadcrumbList","@id":"https:\/\/paddockf1.hu\/forma1_f1_termekek\/f1-modell-mclaren-mp4-2b-v6-f1-tag-team-marlboro-winner-dutch-gp-1985-niki-lauda\/#breadcrumb","itemListElement":[{"@type":"ListItem","position":1,"name":"Kezd\u0151lap","item":"https:\/\/paddockf1.hu\/"},{"@type":"ListItem","position":2,"name":"Formula1 Shop","item":"https:\/\/paddockf1.hu\/en\/formula-1-shop\/"},{"@type":"ListItem","position":3,"name":"McLaren MP4 2B V6 F1 TAG Team Marlboro winner Dutch GP 1985 Niki Lauda"}]}]},"product_brand":"MCG","product_price_amount":"30300","product_price_currency":"HUF","og_availability":"out of stock","product_availability":"out of stock","product_retailer_item_id":"McLaren MP4 2B V6 F1 TAG Team Marlboro winner Dutch GP 1985 Niki Lauda","product_condition":"new"},"_links":{"self":[{"href":"https:\/\/paddockf1.hu\/en\/wp-json\/wp\/v2\/product\/5785"}],"collection":[{"href":"https:\/\/paddockf1.hu\/en\/wp-json\/wp\/v2\/product"}],"about":[{"href":"https:\/\/paddockf1.hu\/en\/wp-json\/wp\/v2\/types\/product"}],"replies":[{"embeddable":true,"href":"https:\/\/paddockf1.hu\/en\/wp-json\/wp\/v2\/comments?post=5785"}],"wp:featuredmedia":[{"embeddable":true,"href":"https:\/\/paddockf1.hu\/en\/wp-json\/wp\/v2\/media\/5781"}],"wp:attachment":[{"href":"https:\/\/paddockf1.hu\/en\/wp-json\/wp\/v2\/media?parent=5785"}],"wp:term":[{"taxonomy":"product_cat","embeddable":true,"href":"https:\/\/paddockf1.hu\/en\/wp-json\/wp\/v2\/product_cat?post=5785"},{"taxonomy":"product_tag","embeddable":true,"href":"https:\/\/paddockf1.hu\/en\/wp-json\/wp\/v2\/product_tag?post=5785"}],"curies":[{"name":"wp","href":"https:\/\/api.w.org\/{rel}","templated":true}]}}