{"id":5748,"date":"2021-12-02T05:46:10","date_gmt":"2021-12-02T05:25:37","guid":{"rendered":"https:\/\/paddockf1.hu\/forma1_f1_termekek\/custom-white-mug-download-with-f1-diorama-image-nico-rosberg-6-mercedes-f1-w07-hybrid-lewis-hamilton-44-with-mercedes-f1-w07-hybrid-models\/"},"modified":"2021-12-02T06:57:53","modified_gmt":"2021-12-02T05:57:53","slug":"custom-white-mug-download-with-f1-diorama-image-nico-rosberg-6-mercedes-f1-w07-hybrid-lewis-hamilton-44-with-mercedes-f1-w07-hybrid-models","status":"publish","type":"product","link":"https:\/\/paddockf1.hu\/en\/forma1_f1_termekek\/custom-white-mug-download-with-f1-diorama-image-nico-rosberg-6-mercedes-f1-w07-hybrid-lewis-hamilton-44-with-mercedes-f1-w07-hybrid-models\/","title":{"rendered":"Unique White Mug with downloadable F1 Diorama image"},"content":{"rendered":"<p>| Everything about Formula 1 | Formula1 helmets, Formula1 models, Formula1 clothing, Formula1 souvenirs. |<\/p>\n","protected":false},"excerpt":{"rendered":"<p><span class=\"product-desc\" style=\"color: #000000;\">Surprise yourself or a friend with a completely unique mug! You can now download the diorama picture on the mug for free, in high resolution, even as a wallpaper!<br \/>\n<\/span><\/p>\n<p><em><strong><span style=\"color: #0000ff;\">(The mug shows a self-made diorama picture! On a self-built and self-made track Grand Prix Start 2016 (Nico Rosberg (6) and Lewis Hamilton (44)) <\/span><\/strong><\/em><br \/>\n<em><strong><span style=\"color: #0000ff;\">Models used: Nico Rosberg (6) Mercedes F1 W07 Hybrid &#8211; Lewis Hamilton (44) Mercedes F1 W07 Hybrid<\/span><\/strong><\/em><\/p>\n<p><a href=\"https:\/\/paddockf1.hu\/forma1_f1_termekek\/diorama-1-2021-12-01-2021-12-07\/\"><span style=\"color: #ff0000;\"><strong>You can download the diorama wallpaper CLICK HERE!<\/strong><\/span><\/a><\/p>\n<p><span class=\"product-desc\" style=\"color: #000000;\">Original ORCA ceramic mug!<\/span><\/p>\n<p><span class=\"product-desc\" style=\"color: #000000;\"><span class=\"product-desc\">High quality sublimation mug with ORCA coating ORCA is a patented sublimation varnish coating; it guarantees that the mug is 100% percent dishwasher safe proof, namely the printed image does not fade or wear off the surface of the mug. If you see the ORCA logo on the bottom of the mug you bought from us, you can be sure you bought the best quality sublimation mug! Can also be used in the microwave! <\/span><br \/>\n<\/span><\/p>\n<p><span class=\"product-desc\" style=\"color: #000000;\">The mug has a capacity of 3dl.<\/span><\/p>\n<p>&nbsp;<\/p>\n","protected":false},"featured_media":5741,"comment_status":"open","ping_status":"closed","template":"","meta":[],"product_cat":[320,319,319,320,324,323,321,321,322,322,323,324],"product_tag":[334,334,336,336,338,338,339,339,276,276,277,277,278,278,279,279,252,252,304,304,280,280,281,281,335,335,337,337,343,343],"yoast_head":"<!-- This site is optimized with the Yoast SEO Premium plugin v17.6 (Yoast SEO v17.6) - https:\/\/yoast.com\/wordpress\/plugins\/seo\/ -->\n<title>Unique White Mug with downloadable F1 Diorama image | PaddockF1<\/title>\n<meta name=\"robots\" content=\"index, follow, max-snippet:-1, max-image-preview:large, max-video-preview:-1\" \/>\n<link rel=\"canonical\" href=\"https:\/\/paddockf1.hu\/?post_type=product&#038;p=5739\" \/>\n<meta property=\"og:locale\" content=\"en_US\" \/>\n<meta property=\"og:type\" content=\"article\" \/>\n<meta property=\"og:title\" content=\"Unique White Mug with downloadable F1 Diorama image\" \/>\n<meta property=\"og:description\" content=\"Surprise yourself or a friend with a completely unique mug! You can now download the diorama picture on the mug for free, in high resolution, even as a wallpaper!   (The mug shows a self-made diorama picture! On a self-built and self-made track Grand Prix Start 2016 (Nico Rosberg (6) and Lewis Hamilton (44))  Models used: Nico Rosberg (6) Mercedes F1 W07 Hybrid - Lewis Hamilton (44) Mercedes F1 W07 Hybrid  You can download the diorama wallpaper CLICK HERE!  Original ORCA ceramic mug!  High quality sublimation mug with ORCA coating ORCA is a patented sublimation varnish coating; it guarantees that the mug is 100% percent dishwasher safe proof, namely the printed image does not fade or wear off the surface of the mug. If you see the ORCA logo on the bottom of the mug you bought from us, you can be sure you bought the best quality sublimation mug! Can also be used in the microwave!    The mug has a capacity of 3dl.  &nbsp;\" \/>\n<meta property=\"og:url\" content=\"https:\/\/paddockf1.hu\/?post_type=product&amp;p=5739\" \/>\n<meta property=\"og:site_name\" content=\"PaddockF1\" \/>\n<meta property=\"article:publisher\" content=\"https:\/\/www.facebook.com\/F1model\" \/>\n<meta property=\"article:modified_time\" content=\"2021-12-02T05:57:53+00:00\" \/>\n<meta property=\"og:image\" content=\"https:\/\/paddockf1.hu\/wp-content\/uploads\/2021\/12\/Feher-bogre-Diorama-1-Nico-Rosberg-6-Mercedes-F1-W07-Hybrid-Lewis-Hamilton-44-Mercedes-F1-W07-Hybrid.jpg\" \/>\n\t<meta property=\"og:image:width\" content=\"800\" \/>\n\t<meta property=\"og:image:height\" content=\"640\" \/>\n<meta name=\"twitter:card\" content=\"summary_large_image\" \/>\n<meta name=\"twitter:label1\" content=\"Price\" \/>\n\t<meta name=\"twitter:data1\" content=\"2790&nbsp;&#70;&#116; 2490&nbsp;&#70;&#116;\" \/>\n\t<meta name=\"twitter:label2\" content=\"Availability\" \/>\n\t<meta name=\"twitter:data2\" content=\"In stock\" \/>\n<script type=\"application\/ld+json\" class=\"yoast-schema-graph\">{\"@context\":\"https:\/\/schema.org\",\"@graph\":[{\"@type\":\"Organization\",\"@id\":\"https:\/\/paddockf1.hu\/#organization\",\"name\":\"PaddockF1\",\"url\":\"https:\/\/paddockf1.hu\/\",\"sameAs\":[\"https:\/\/www.facebook.com\/F1model\",\"https:\/\/www.instagram.com\/paddockf1_hu\/\",\"https:\/\/www.youtube.com\/channel\/UCuTUsfp6vJhZC2mEKxK5jUA\",\"https:\/\/hu.pinterest.com\/paddock_f1\"],\"logo\":{\"@type\":\"ImageObject\",\"@id\":\"https:\/\/paddockf1.hu\/#logo\",\"inLanguage\":\"en-US\",\"url\":\"https:\/\/paddockf1.hu\/wp-content\/uploads\/2021\/11\/Logo-terv-teljes-feher-4.0-e1637255061369.jpg\",\"contentUrl\":\"https:\/\/paddockf1.hu\/wp-content\/uploads\/2021\/11\/Logo-terv-teljes-feher-4.0-e1637255061369.jpg\",\"width\":400,\"height\":131,\"caption\":\"PaddockF1\"},\"image\":{\"@id\":\"https:\/\/paddockf1.hu\/#logo\"}},{\"@type\":\"WebSite\",\"@id\":\"https:\/\/paddockf1.hu\/#website\",\"url\":\"https:\/\/paddockf1.hu\/\",\"name\":\"PaddockF1\",\"description\":\"Minden, ami Forma1 | A legt\\u00f6bb \\u00e9s legjobb term\\u00e9kek az F1 vil\\u00e1g\\u00e1b\\u00f3l. Forma1 sisakok, Forma1 modellek, Forma1 ruh\\u00e1zat, Forma1 aj\\u00e1nd\\u00e9kt\\u00e1rgyak.\",\"publisher\":{\"@id\":\"https:\/\/paddockf1.hu\/#organization\"},\"potentialAction\":[{\"@type\":\"SearchAction\",\"target\":{\"@type\":\"EntryPoint\",\"urlTemplate\":\"https:\/\/paddockf1.hu\/?s={search_term_string}\"},\"query-input\":\"required name=search_term_string\"}],\"inLanguage\":\"en-US\"},{\"@type\":\"ImageObject\",\"@id\":\"https:\/\/paddockf1.hu\/?post_type=product&p=5739#primaryimage\",\"inLanguage\":\"en-US\",\"url\":\"https:\/\/paddockf1.hu\/wp-content\/uploads\/2021\/12\/Feher-bogre-Diorama-1-Nico-Rosberg-6-Mercedes-F1-W07-Hybrid-Lewis-Hamilton-44-Mercedes-F1-W07-Hybrid.jpg\",\"contentUrl\":\"https:\/\/paddockf1.hu\/wp-content\/uploads\/2021\/12\/Feher-bogre-Diorama-1-Nico-Rosberg-6-Mercedes-F1-W07-Hybrid-Lewis-Hamilton-44-Mercedes-F1-W07-Hybrid.jpg\",\"width\":800,\"height\":640},{\"@type\":\"WebPage\",\"@id\":\"https:\/\/paddockf1.hu\/?post_type=product&p=5739#webpage\",\"url\":\"https:\/\/paddockf1.hu\/?post_type=product&p=5739\",\"name\":\"Unique White Mug with downloadable F1 Diorama image | PaddockF1\",\"isPartOf\":{\"@id\":\"https:\/\/paddockf1.hu\/#website\"},\"primaryImageOfPage\":{\"@id\":\"https:\/\/paddockf1.hu\/?post_type=product&p=5739#primaryimage\"},\"datePublished\":\"2021-12-02T05:25:37+00:00\",\"dateModified\":\"2021-12-02T05:57:53+00:00\",\"breadcrumb\":{\"@id\":\"https:\/\/paddockf1.hu\/?post_type=product&p=5739#breadcrumb\"},\"inLanguage\":\"en-US\",\"potentialAction\":[{\"@type\":\"ReadAction\",\"target\":[\"https:\/\/paddockf1.hu\/?post_type=product&p=5739\"]}]},{\"@type\":\"BreadcrumbList\",\"@id\":\"https:\/\/paddockf1.hu\/?post_type=product&p=5739#breadcrumb\",\"itemListElement\":[{\"@type\":\"ListItem\",\"position\":1,\"name\":\"Kezd\\u0151lap\",\"item\":\"https:\/\/paddockf1.hu\/\"},{\"@type\":\"ListItem\",\"position\":2,\"name\":\"Formula1 Shop\",\"item\":\"https:\/\/paddockf1.hu\/en\/formula-1-shop\/\"},{\"@type\":\"ListItem\",\"position\":3,\"name\":\"Unique White Mug with downloadable F1 Diorama image\"}]}]}<\/script>\n<meta property=\"product:price:amount\" content=\"2490\" \/>\n<meta property=\"product:price:currency\" content=\"HUF\" \/>\n<meta property=\"og:availability\" content=\"instock\" \/>\n<meta property=\"product:availability\" content=\"instock\" \/>\n<meta property=\"product:retailer_item_id\" content=\"Feh\u00e9r b\u00f6gre : Dior\u00e1ma1\" \/>\n<meta property=\"product:condition\" content=\"new\" \/>\n<!-- \/ Yoast SEO Premium plugin. -->","yoast_head_json":{"title":"Unique White Mug with downloadable F1 Diorama image | PaddockF1","robots":{"index":"index","follow":"follow","max-snippet":"max-snippet:-1","max-image-preview":"max-image-preview:large","max-video-preview":"max-video-preview:-1"},"canonical":"https:\/\/paddockf1.hu\/?post_type=product&p=5739","og_locale":"en_US","og_type":"article","og_title":"Unique White Mug with downloadable F1 Diorama image","og_description":"Surprise yourself or a friend with a completely unique mug! You can now download the diorama picture on the mug for free, in high resolution, even as a wallpaper!   (The mug shows a self-made diorama picture! On a self-built and self-made track Grand Prix Start 2016 (Nico Rosberg (6) and Lewis Hamilton (44))  Models used: Nico Rosberg (6) Mercedes F1 W07 Hybrid - Lewis Hamilton (44) Mercedes F1 W07 Hybrid  You can download the diorama wallpaper CLICK HERE!  Original ORCA ceramic mug!  High quality sublimation mug with ORCA coating ORCA is a patented sublimation varnish coating; it guarantees that the mug is 100% percent dishwasher safe proof, namely the printed image does not fade or wear off the surface of the mug. If you see the ORCA logo on the bottom of the mug you bought from us, you can be sure you bought the best quality sublimation mug! Can also be used in the microwave!    The mug has a capacity of 3dl.  &nbsp;","og_url":"https:\/\/paddockf1.hu\/?post_type=product&p=5739","og_site_name":"PaddockF1","article_publisher":"https:\/\/www.facebook.com\/F1model","article_modified_time":"2021-12-02T05:57:53+00:00","og_image":[{"width":800,"height":640,"url":"https:\/\/paddockf1.hu\/wp-content\/uploads\/2021\/12\/Feher-bogre-Diorama-1-Nico-Rosberg-6-Mercedes-F1-W07-Hybrid-Lewis-Hamilton-44-Mercedes-F1-W07-Hybrid.jpg","type":"image\/jpeg"}],"twitter_card":"summary_large_image","twitter_misc":{"Price":"2790&nbsp;&#70;&#116; 2490&nbsp;&#70;&#116;","Availability":"In stock"},"schema":{"@context":"https:\/\/schema.org","@graph":[{"@type":"Organization","@id":"https:\/\/paddockf1.hu\/#organization","name":"PaddockF1","url":"https:\/\/paddockf1.hu\/","sameAs":["https:\/\/www.facebook.com\/F1model","https:\/\/www.instagram.com\/paddockf1_hu\/","https:\/\/www.youtube.com\/channel\/UCuTUsfp6vJhZC2mEKxK5jUA","https:\/\/hu.pinterest.com\/paddock_f1"],"logo":{"@type":"ImageObject","@id":"https:\/\/paddockf1.hu\/#logo","inLanguage":"en-US","url":"https:\/\/paddockf1.hu\/wp-content\/uploads\/2021\/11\/Logo-terv-teljes-feher-4.0-e1637255061369.jpg","contentUrl":"https:\/\/paddockf1.hu\/wp-content\/uploads\/2021\/11\/Logo-terv-teljes-feher-4.0-e1637255061369.jpg","width":400,"height":131,"caption":"PaddockF1"},"image":{"@id":"https:\/\/paddockf1.hu\/#logo"}},{"@type":"WebSite","@id":"https:\/\/paddockf1.hu\/#website","url":"https:\/\/paddockf1.hu\/","name":"PaddockF1","description":"Minden, ami Forma1 | A legt\u00f6bb \u00e9s legjobb term\u00e9kek az F1 vil\u00e1g\u00e1b\u00f3l. Forma1 sisakok, Forma1 modellek, Forma1 ruh\u00e1zat, Forma1 aj\u00e1nd\u00e9kt\u00e1rgyak.","publisher":{"@id":"https:\/\/paddockf1.hu\/#organization"},"potentialAction":[{"@type":"SearchAction","target":{"@type":"EntryPoint","urlTemplate":"https:\/\/paddockf1.hu\/?s={search_term_string}"},"query-input":"required name=search_term_string"}],"inLanguage":"en-US"},{"@type":"ImageObject","@id":"https:\/\/paddockf1.hu\/?post_type=product&p=5739#primaryimage","inLanguage":"en-US","url":"https:\/\/paddockf1.hu\/wp-content\/uploads\/2021\/12\/Feher-bogre-Diorama-1-Nico-Rosberg-6-Mercedes-F1-W07-Hybrid-Lewis-Hamilton-44-Mercedes-F1-W07-Hybrid.jpg","contentUrl":"https:\/\/paddockf1.hu\/wp-content\/uploads\/2021\/12\/Feher-bogre-Diorama-1-Nico-Rosberg-6-Mercedes-F1-W07-Hybrid-Lewis-Hamilton-44-Mercedes-F1-W07-Hybrid.jpg","width":800,"height":640},{"@type":"WebPage","@id":"https:\/\/paddockf1.hu\/?post_type=product&p=5739#webpage","url":"https:\/\/paddockf1.hu\/?post_type=product&p=5739","name":"Unique White Mug with downloadable F1 Diorama image | PaddockF1","isPartOf":{"@id":"https:\/\/paddockf1.hu\/#website"},"primaryImageOfPage":{"@id":"https:\/\/paddockf1.hu\/?post_type=product&p=5739#primaryimage"},"datePublished":"2021-12-02T05:25:37+00:00","dateModified":"2021-12-02T05:57:53+00:00","breadcrumb":{"@id":"https:\/\/paddockf1.hu\/?post_type=product&p=5739#breadcrumb"},"inLanguage":"en-US","potentialAction":[{"@type":"ReadAction","target":["https:\/\/paddockf1.hu\/?post_type=product&p=5739"]}]},{"@type":"BreadcrumbList","@id":"https:\/\/paddockf1.hu\/?post_type=product&p=5739#breadcrumb","itemListElement":[{"@type":"ListItem","position":1,"name":"Kezd\u0151lap","item":"https:\/\/paddockf1.hu\/"},{"@type":"ListItem","position":2,"name":"Formula1 Shop","item":"https:\/\/paddockf1.hu\/en\/formula-1-shop\/"},{"@type":"ListItem","position":3,"name":"Unique White Mug with downloadable F1 Diorama image"}]}]},"product_price_amount":"2490","product_price_currency":"HUF","og_availability":"instock","product_availability":"instock","product_retailer_item_id":"Feh\u00e9r b\u00f6gre : Dior\u00e1ma1","product_condition":"new"},"_links":{"self":[{"href":"https:\/\/paddockf1.hu\/en\/wp-json\/wp\/v2\/product\/5748"}],"collection":[{"href":"https:\/\/paddockf1.hu\/en\/wp-json\/wp\/v2\/product"}],"about":[{"href":"https:\/\/paddockf1.hu\/en\/wp-json\/wp\/v2\/types\/product"}],"replies":[{"embeddable":true,"href":"https:\/\/paddockf1.hu\/en\/wp-json\/wp\/v2\/comments?post=5748"}],"wp:featuredmedia":[{"embeddable":true,"href":"https:\/\/paddockf1.hu\/en\/wp-json\/wp\/v2\/media\/5741"}],"wp:attachment":[{"href":"https:\/\/paddockf1.hu\/en\/wp-json\/wp\/v2\/media?parent=5748"}],"wp:term":[{"taxonomy":"product_cat","embeddable":true,"href":"https:\/\/paddockf1.hu\/en\/wp-json\/wp\/v2\/product_cat?post=5748"},{"taxonomy":"product_tag","embeddable":true,"href":"https:\/\/paddockf1.hu\/en\/wp-json\/wp\/v2\/product_tag?post=5748"}],"curies":[{"name":"wp","href":"https:\/\/api.w.org\/{rel}","templated":true}]}}