{"id":5723,"date":"2021-12-02T04:09:26","date_gmt":"2021-12-02T03:18:21","guid":{"rendered":"https:\/\/paddockf1.hu\/forma1_f1_termekek\/color-change-magic-mug-matte-black-aston-martin-amr21-sebastian-vetel-gp-bahrain-2021\/"},"modified":"2021-12-02T10:10:20","modified_gmt":"2021-12-02T09:10:20","slug":"color-change-magic-mug-matte-black-aston-martin-amr21-sebastian-vettel-gp-bahrain-2021","status":"publish","type":"product","link":"https:\/\/paddockf1.hu\/en\/forma1_f1_termekek\/color-change-magic-mug-matte-black-aston-martin-amr21-sebastian-vettel-gp-bahrain-2021\/","title":{"rendered":"Color change magic mug, matte black : ASTON MARTIN AMR21 \u2013 SEBASTIAN VETTEL GP BAHRAIN 2021"},"content":{"rendered":"<p>| Everything about Formula 1 | Formula1 helmets, Formula1 models, Formula1 clothing, Formula1 souvenirs. |<\/p>\n","protected":false},"excerpt":{"rendered":"<p><span class=\"product-desc\" style=\"color: #000000;\">It has magical or wonderful properties \ud83d\ude42 The color-changing mug is a &#8220;magic&#8221; gift: Due to its special coating, it changes color when heated, for example after filling with hot coffee, the image on it appears ! Just fill the mug with some hot drink (tea, cofee, chocolate milk) and check out the changing motives!<br \/>\nThe mug is black by default, whitens (except for the ears) and the image on it becomes visible.<\/span><\/p>\n<p><span class=\"product-desc\" style=\"color: #000000;\">The mug has a capacity of 3dl.<\/span><\/p>\n<p><em><strong><span style=\"color: #0000ff;\">(The mug shows a<span style=\"color: #ff0000;\">self-made diorama picture<\/span>, used model: ASTON MARTIN AMR21 \u2013 SEBASTIAN VETTEL GP BAHRAIN 2021, which can be bought in our webshop <a style=\"color: #0000ff;\" href=\"https:\/\/paddockf1.hu\/forma1_f1_termekek\/aston-martin-amr21-sebastian-vetel-gp-bahrain-2021-modell\/\">CLICK HERE<\/a> )<\/span><\/strong><\/em><\/p>\n","protected":false},"featured_media":5717,"comment_status":"open","ping_status":"closed","template":"","meta":[],"product_cat":[320,319,326,319,326,320,324,323,321,321,322,322,323,324],"product_tag":[334,334,336,336,340,338,338,339,339,276,276,277,277,278,278,279,279,252,252,280,280,281,281,335,335,337,337,298,298,340],"yoast_head":"<!-- This site is optimized with the Yoast SEO Premium plugin v17.6 (Yoast SEO v17.6) - https:\/\/yoast.com\/wordpress\/plugins\/seo\/ -->\n<title>Color change magic mug, matte black : ASTON MARTIN AMR21 \u2013 SEBASTIAN VETTEL GP BAHRAIN 2021 | PaddockF1<\/title>\n<meta name=\"robots\" content=\"index, follow, max-snippet:-1, max-image-preview:large, max-video-preview:-1\" \/>\n<link rel=\"canonical\" href=\"https:\/\/paddockf1.hu\/?post_type=product&#038;p=5712\" \/>\n<meta property=\"og:locale\" content=\"en_US\" \/>\n<meta property=\"og:type\" content=\"article\" \/>\n<meta property=\"og:title\" content=\"Color change magic mug, matte black : ASTON MARTIN AMR21 \u2013 SEBASTIAN VETTEL GP BAHRAIN 2021\" \/>\n<meta property=\"og:description\" content=\"It has magical or wonderful properties :) The color-changing mug is a &quot;magic&quot; gift: Due to its special coating, it changes color when heated, for example after filling with hot coffee, the image on it appears ! Just fill the mug with some hot drink (tea, cofee, chocolate milk) and check out the changing motives! The mug is black by default, whitens (except for the ears) and the image on it becomes visible. The mug has a capacity of 3dl. (The mug shows aself-made diorama picture, used model: ASTON MARTIN AMR21 \u2013 SEBASTIAN VETTEL GP BAHRAIN 2021, which can be bought in our webshop CLICK HERE )\" \/>\n<meta property=\"og:url\" content=\"https:\/\/paddockf1.hu\/?post_type=product&amp;p=5712\" \/>\n<meta property=\"og:site_name\" content=\"PaddockF1\" \/>\n<meta property=\"article:publisher\" content=\"https:\/\/www.facebook.com\/F1model\" \/>\n<meta property=\"article:modified_time\" content=\"2021-12-02T09:10:20+00:00\" \/>\n<meta property=\"og:image\" content=\"https:\/\/paddockf1.hu\/wp-content\/uploads\/2021\/12\/ASTON-MARTIN-AMR21-\u2013-SEBASTIAN-VETEL-GP-BAHRAIN-2021-modell-fekete-bogre1.jpg\" \/>\n\t<meta property=\"og:image:width\" content=\"800\" \/>\n\t<meta property=\"og:image:height\" content=\"600\" \/>\n<meta name=\"twitter:card\" content=\"summary_large_image\" \/>\n<meta name=\"twitter:label1\" content=\"Price\" \/>\n\t<meta name=\"twitter:data1\" content=\"3990&nbsp;&#70;&#116; 3590&nbsp;&#70;&#116;\" \/>\n\t<meta name=\"twitter:label2\" content=\"Availability\" \/>\n\t<meta name=\"twitter:data2\" content=\"In stock\" \/>\n<script type=\"application\/ld+json\" class=\"yoast-schema-graph\">{\"@context\":\"https:\/\/schema.org\",\"@graph\":[{\"@type\":\"Organization\",\"@id\":\"https:\/\/paddockf1.hu\/#organization\",\"name\":\"PaddockF1\",\"url\":\"https:\/\/paddockf1.hu\/\",\"sameAs\":[\"https:\/\/www.facebook.com\/F1model\",\"https:\/\/www.instagram.com\/paddockf1_hu\/\",\"https:\/\/www.youtube.com\/channel\/UCuTUsfp6vJhZC2mEKxK5jUA\",\"https:\/\/hu.pinterest.com\/paddock_f1\"],\"logo\":{\"@type\":\"ImageObject\",\"@id\":\"https:\/\/paddockf1.hu\/#logo\",\"inLanguage\":\"en-US\",\"url\":\"https:\/\/paddockf1.hu\/wp-content\/uploads\/2021\/11\/Logo-terv-teljes-feher-4.0-e1637255061369.jpg\",\"contentUrl\":\"https:\/\/paddockf1.hu\/wp-content\/uploads\/2021\/11\/Logo-terv-teljes-feher-4.0-e1637255061369.jpg\",\"width\":400,\"height\":131,\"caption\":\"PaddockF1\"},\"image\":{\"@id\":\"https:\/\/paddockf1.hu\/#logo\"}},{\"@type\":\"WebSite\",\"@id\":\"https:\/\/paddockf1.hu\/#website\",\"url\":\"https:\/\/paddockf1.hu\/\",\"name\":\"PaddockF1\",\"description\":\"Minden, ami Forma1 | A legt\\u00f6bb \\u00e9s legjobb term\\u00e9kek az F1 vil\\u00e1g\\u00e1b\\u00f3l. Forma1 sisakok, Forma1 modellek, Forma1 ruh\\u00e1zat, Forma1 aj\\u00e1nd\\u00e9kt\\u00e1rgyak.\",\"publisher\":{\"@id\":\"https:\/\/paddockf1.hu\/#organization\"},\"potentialAction\":[{\"@type\":\"SearchAction\",\"target\":{\"@type\":\"EntryPoint\",\"urlTemplate\":\"https:\/\/paddockf1.hu\/?s={search_term_string}\"},\"query-input\":\"required name=search_term_string\"}],\"inLanguage\":\"en-US\"},{\"@type\":\"ImageObject\",\"@id\":\"https:\/\/paddockf1.hu\/?post_type=product&p=5712#primaryimage\",\"inLanguage\":\"en-US\",\"url\":\"https:\/\/paddockf1.hu\/wp-content\/uploads\/2021\/12\/ASTON-MARTIN-AMR21-\\u2013-SEBASTIAN-VETEL-GP-BAHRAIN-2021-modell-fekete-bogre1.jpg\",\"contentUrl\":\"https:\/\/paddockf1.hu\/wp-content\/uploads\/2021\/12\/ASTON-MARTIN-AMR21-\\u2013-SEBASTIAN-VETEL-GP-BAHRAIN-2021-modell-fekete-bogre1.jpg\",\"width\":800,\"height\":600},{\"@type\":\"WebPage\",\"@id\":\"https:\/\/paddockf1.hu\/?post_type=product&p=5712#webpage\",\"url\":\"https:\/\/paddockf1.hu\/?post_type=product&p=5712\",\"name\":\"Color change magic mug, matte black : ASTON MARTIN AMR21 \\u2013 SEBASTIAN VETTEL GP BAHRAIN 2021 | PaddockF1\",\"isPartOf\":{\"@id\":\"https:\/\/paddockf1.hu\/#website\"},\"primaryImageOfPage\":{\"@id\":\"https:\/\/paddockf1.hu\/?post_type=product&p=5712#primaryimage\"},\"datePublished\":\"2021-12-02T03:18:21+00:00\",\"dateModified\":\"2021-12-02T09:10:20+00:00\",\"breadcrumb\":{\"@id\":\"https:\/\/paddockf1.hu\/?post_type=product&p=5712#breadcrumb\"},\"inLanguage\":\"en-US\",\"potentialAction\":[{\"@type\":\"ReadAction\",\"target\":[\"https:\/\/paddockf1.hu\/?post_type=product&p=5712\"]}]},{\"@type\":\"BreadcrumbList\",\"@id\":\"https:\/\/paddockf1.hu\/?post_type=product&p=5712#breadcrumb\",\"itemListElement\":[{\"@type\":\"ListItem\",\"position\":1,\"name\":\"Kezd\\u0151lap\",\"item\":\"https:\/\/paddockf1.hu\/\"},{\"@type\":\"ListItem\",\"position\":2,\"name\":\"Formula1 Shop\",\"item\":\"https:\/\/paddockf1.hu\/en\/formula-1-shop\/\"},{\"@type\":\"ListItem\",\"position\":3,\"name\":\"Color change magic mug, matte black : ASTON MARTIN AMR21 \\u2013 SEBASTIAN VETTEL GP BAHRAIN 2021\"}]}]}<\/script>\n<meta property=\"product:price:amount\" content=\"3590\" \/>\n<meta property=\"product:price:currency\" content=\"HUF\" \/>\n<meta property=\"og:availability\" content=\"instock\" \/>\n<meta property=\"product:availability\" content=\"instock\" \/>\n<meta property=\"product:retailer_item_id\" content=\"Sz\u00ednv\u00e1lt\u00f3s fekete b\u00f6gre : ASTON MARTIN AMR21 \u2013 SEBASTIAN VETEL GP BAHRAIN 2021\" \/>\n<meta property=\"product:condition\" content=\"new\" \/>\n<!-- \/ Yoast SEO Premium plugin. -->","yoast_head_json":{"title":"Color change magic mug, matte black : ASTON MARTIN AMR21 \u2013 SEBASTIAN VETTEL GP BAHRAIN 2021 | PaddockF1","robots":{"index":"index","follow":"follow","max-snippet":"max-snippet:-1","max-image-preview":"max-image-preview:large","max-video-preview":"max-video-preview:-1"},"canonical":"https:\/\/paddockf1.hu\/?post_type=product&p=5712","og_locale":"en_US","og_type":"article","og_title":"Color change magic mug, matte black : ASTON MARTIN AMR21 \u2013 SEBASTIAN VETTEL GP BAHRAIN 2021","og_description":"It has magical or wonderful properties :) The color-changing mug is a \"magic\" gift: Due to its special coating, it changes color when heated, for example after filling with hot coffee, the image on it appears ! Just fill the mug with some hot drink (tea, cofee, chocolate milk) and check out the changing motives! The mug is black by default, whitens (except for the ears) and the image on it becomes visible. The mug has a capacity of 3dl. (The mug shows aself-made diorama picture, used model: ASTON MARTIN AMR21 \u2013 SEBASTIAN VETTEL GP BAHRAIN 2021, which can be bought in our webshop CLICK HERE )","og_url":"https:\/\/paddockf1.hu\/?post_type=product&p=5712","og_site_name":"PaddockF1","article_publisher":"https:\/\/www.facebook.com\/F1model","article_modified_time":"2021-12-02T09:10:20+00:00","og_image":[{"width":800,"height":600,"url":"https:\/\/paddockf1.hu\/wp-content\/uploads\/2021\/12\/ASTON-MARTIN-AMR21-\u2013-SEBASTIAN-VETEL-GP-BAHRAIN-2021-modell-fekete-bogre1.jpg","type":"image\/jpeg"}],"twitter_card":"summary_large_image","twitter_misc":{"Price":"3990&nbsp;&#70;&#116; 3590&nbsp;&#70;&#116;","Availability":"In stock"},"schema":{"@context":"https:\/\/schema.org","@graph":[{"@type":"Organization","@id":"https:\/\/paddockf1.hu\/#organization","name":"PaddockF1","url":"https:\/\/paddockf1.hu\/","sameAs":["https:\/\/www.facebook.com\/F1model","https:\/\/www.instagram.com\/paddockf1_hu\/","https:\/\/www.youtube.com\/channel\/UCuTUsfp6vJhZC2mEKxK5jUA","https:\/\/hu.pinterest.com\/paddock_f1"],"logo":{"@type":"ImageObject","@id":"https:\/\/paddockf1.hu\/#logo","inLanguage":"en-US","url":"https:\/\/paddockf1.hu\/wp-content\/uploads\/2021\/11\/Logo-terv-teljes-feher-4.0-e1637255061369.jpg","contentUrl":"https:\/\/paddockf1.hu\/wp-content\/uploads\/2021\/11\/Logo-terv-teljes-feher-4.0-e1637255061369.jpg","width":400,"height":131,"caption":"PaddockF1"},"image":{"@id":"https:\/\/paddockf1.hu\/#logo"}},{"@type":"WebSite","@id":"https:\/\/paddockf1.hu\/#website","url":"https:\/\/paddockf1.hu\/","name":"PaddockF1","description":"Minden, ami Forma1 | A legt\u00f6bb \u00e9s legjobb term\u00e9kek az F1 vil\u00e1g\u00e1b\u00f3l. Forma1 sisakok, Forma1 modellek, Forma1 ruh\u00e1zat, Forma1 aj\u00e1nd\u00e9kt\u00e1rgyak.","publisher":{"@id":"https:\/\/paddockf1.hu\/#organization"},"potentialAction":[{"@type":"SearchAction","target":{"@type":"EntryPoint","urlTemplate":"https:\/\/paddockf1.hu\/?s={search_term_string}"},"query-input":"required name=search_term_string"}],"inLanguage":"en-US"},{"@type":"ImageObject","@id":"https:\/\/paddockf1.hu\/?post_type=product&p=5712#primaryimage","inLanguage":"en-US","url":"https:\/\/paddockf1.hu\/wp-content\/uploads\/2021\/12\/ASTON-MARTIN-AMR21-\u2013-SEBASTIAN-VETEL-GP-BAHRAIN-2021-modell-fekete-bogre1.jpg","contentUrl":"https:\/\/paddockf1.hu\/wp-content\/uploads\/2021\/12\/ASTON-MARTIN-AMR21-\u2013-SEBASTIAN-VETEL-GP-BAHRAIN-2021-modell-fekete-bogre1.jpg","width":800,"height":600},{"@type":"WebPage","@id":"https:\/\/paddockf1.hu\/?post_type=product&p=5712#webpage","url":"https:\/\/paddockf1.hu\/?post_type=product&p=5712","name":"Color change magic mug, matte black : ASTON MARTIN AMR21 \u2013 SEBASTIAN VETTEL GP BAHRAIN 2021 | PaddockF1","isPartOf":{"@id":"https:\/\/paddockf1.hu\/#website"},"primaryImageOfPage":{"@id":"https:\/\/paddockf1.hu\/?post_type=product&p=5712#primaryimage"},"datePublished":"2021-12-02T03:18:21+00:00","dateModified":"2021-12-02T09:10:20+00:00","breadcrumb":{"@id":"https:\/\/paddockf1.hu\/?post_type=product&p=5712#breadcrumb"},"inLanguage":"en-US","potentialAction":[{"@type":"ReadAction","target":["https:\/\/paddockf1.hu\/?post_type=product&p=5712"]}]},{"@type":"BreadcrumbList","@id":"https:\/\/paddockf1.hu\/?post_type=product&p=5712#breadcrumb","itemListElement":[{"@type":"ListItem","position":1,"name":"Kezd\u0151lap","item":"https:\/\/paddockf1.hu\/"},{"@type":"ListItem","position":2,"name":"Formula1 Shop","item":"https:\/\/paddockf1.hu\/en\/formula-1-shop\/"},{"@type":"ListItem","position":3,"name":"Color change magic mug, matte black : ASTON MARTIN AMR21 \u2013 SEBASTIAN VETTEL GP BAHRAIN 2021"}]}]},"product_price_amount":"3590","product_price_currency":"HUF","og_availability":"instock","product_availability":"instock","product_retailer_item_id":"Sz\u00ednv\u00e1lt\u00f3s fekete b\u00f6gre : ASTON MARTIN AMR21 \u2013 SEBASTIAN VETEL GP BAHRAIN 2021","product_condition":"new"},"_links":{"self":[{"href":"https:\/\/paddockf1.hu\/en\/wp-json\/wp\/v2\/product\/5723"}],"collection":[{"href":"https:\/\/paddockf1.hu\/en\/wp-json\/wp\/v2\/product"}],"about":[{"href":"https:\/\/paddockf1.hu\/en\/wp-json\/wp\/v2\/types\/product"}],"replies":[{"embeddable":true,"href":"https:\/\/paddockf1.hu\/en\/wp-json\/wp\/v2\/comments?post=5723"}],"wp:featuredmedia":[{"embeddable":true,"href":"https:\/\/paddockf1.hu\/en\/wp-json\/wp\/v2\/media\/5717"}],"wp:attachment":[{"href":"https:\/\/paddockf1.hu\/en\/wp-json\/wp\/v2\/media?parent=5723"}],"wp:term":[{"taxonomy":"product_cat","embeddable":true,"href":"https:\/\/paddockf1.hu\/en\/wp-json\/wp\/v2\/product_cat?post=5723"},{"taxonomy":"product_tag","embeddable":true,"href":"https:\/\/paddockf1.hu\/en\/wp-json\/wp\/v2\/product_tag?post=5723"}],"curies":[{"name":"wp","href":"https:\/\/api.w.org\/{rel}","templated":true}]}}