{"id":5705,"date":"2021-11-15T23:39:31","date_gmt":"2021-12-02T01:54:54","guid":{"rendered":"https:\/\/paddockf1.hu\/forma1_f1_termekek\/sisak-alexander-albon-redbull-2020\/"},"modified":"2021-12-02T03:02:51","modified_gmt":"2021-12-02T02:02:51","slug":"sisak-alexander-albon-redbull-2020","status":"publish","type":"product","link":"https:\/\/paddockf1.hu\/en\/forma1_f1_termekek\/sisak-alexander-albon-redbull-2020\/","title":{"rendered":"HELMET ALEXANDER ALBON \u2013 REDBULL 2020"},"content":{"rendered":"<p>| Minden, ami Forma1 | Forma1 sisakok, Forma1 modellek, Forma1 ruh\u00e1zat, Forma1 aj\u00e1nd\u00e9kt\u00e1rgyak. |<\/p>\n","protected":false},"excerpt":{"rendered":"<p>Manufacture: BELL (Arai)<br \/>\nScale: 1:2<br \/>\nSize about 17 cm.<br \/>\nA perfect replica of a real helmet, half the size.<\/p>\n","protected":false},"featured_media":6492,"comment_status":"open","ping_status":"closed","template":"","meta":[],"product_cat":[291,291,293,292,293,292],"product_tag":[294,294,310,310,311,311,276,276,277,277,278,278,279,279,308,308,302,302,307,307],"yoast_head":"<!-- This site is optimized with the Yoast SEO Premium plugin v17.6 (Yoast SEO v17.6) - https:\/\/yoast.com\/wordpress\/plugins\/seo\/ -->\n<title>HELMET ALEXANDER ALBON \u2013 REDBULL 2020 | PaddockF1<\/title>\n<meta name=\"description\" content=\"ALEXANDER ALBON 2020 helmet 1:2 scale | Minden, ami Forma1 | Forma1 sisak, Forma1 modell, Forma1 ruh\u00e1zat, Forma1 aj\u00e1nd\u00e9kt\u00e1rgyak.\" \/>\n<meta name=\"robots\" content=\"index, follow, max-snippet:-1, max-image-preview:large, max-video-preview:-1\" \/>\n<link rel=\"canonical\" href=\"https:\/\/paddockf1.hu\/forma1_f1_termekek\/sisak-alexander-albon-redbull-2020\/\" \/>\n<meta property=\"og:locale\" content=\"en_US\" \/>\n<meta property=\"og:type\" content=\"article\" \/>\n<meta property=\"og:title\" content=\"HELMET ALEXANDER ALBON \u2013 REDBULL 2020\" \/>\n<meta property=\"og:description\" content=\"ALEXANDER ALBON 2020 helmet 1:2 scale | Minden, ami Forma1 | Forma1 sisak, Forma1 modell, Forma1 ruh\u00e1zat, Forma1 aj\u00e1nd\u00e9kt\u00e1rgyak.\" \/>\n<meta property=\"og:url\" content=\"https:\/\/paddockf1.hu\/forma1_f1_termekek\/sisak-alexander-albon-redbull-2020\/\" \/>\n<meta property=\"og:site_name\" content=\"PaddockF1\" \/>\n<meta property=\"article:publisher\" content=\"https:\/\/www.facebook.com\/F1model\" \/>\n<meta property=\"article:modified_time\" content=\"2021-12-02T02:02:51+00:00\" \/>\n<meta property=\"og:image\" content=\"https:\/\/paddockf1.hu\/wp-content\/uploads\/2021\/11\/Albon2-1.jpg\" \/>\n\t<meta property=\"og:image:width\" content=\"1135\" \/>\n\t<meta property=\"og:image:height\" content=\"815\" \/>\n<meta name=\"twitter:card\" content=\"summary_large_image\" \/>\n<meta name=\"twitter:label1\" content=\"Price\" \/>\n\t<meta name=\"twitter:data1\" content=\"65500&nbsp;&#70;&#116;\" \/>\n\t<meta name=\"twitter:label2\" content=\"Availability\" \/>\n\t<meta name=\"twitter:data2\" content=\"In stock\" \/>\n<script type=\"application\/ld+json\" class=\"yoast-schema-graph\">{\"@context\":\"https:\/\/schema.org\",\"@graph\":[{\"@type\":\"Organization\",\"@id\":\"https:\/\/paddockf1.hu\/#organization\",\"name\":\"PaddockF1\",\"url\":\"https:\/\/paddockf1.hu\/\",\"sameAs\":[\"https:\/\/www.facebook.com\/F1model\",\"https:\/\/www.instagram.com\/paddockf1_hu\/\",\"https:\/\/www.youtube.com\/channel\/UCuTUsfp6vJhZC2mEKxK5jUA\",\"https:\/\/hu.pinterest.com\/paddock_f1\"],\"logo\":{\"@type\":\"ImageObject\",\"@id\":\"https:\/\/paddockf1.hu\/#logo\",\"inLanguage\":\"en-US\",\"url\":\"https:\/\/paddockf1.hu\/wp-content\/uploads\/2021\/11\/Logo-terv-teljes-feher-4.0-e1637255061369.jpg\",\"contentUrl\":\"https:\/\/paddockf1.hu\/wp-content\/uploads\/2021\/11\/Logo-terv-teljes-feher-4.0-e1637255061369.jpg\",\"width\":400,\"height\":131,\"caption\":\"PaddockF1\"},\"image\":{\"@id\":\"https:\/\/paddockf1.hu\/#logo\"}},{\"@type\":\"WebSite\",\"@id\":\"https:\/\/paddockf1.hu\/#website\",\"url\":\"https:\/\/paddockf1.hu\/\",\"name\":\"PaddockF1\",\"description\":\"Minden, ami Forma1 | A legt\\u00f6bb \\u00e9s legjobb term\\u00e9kek az F1 vil\\u00e1g\\u00e1b\\u00f3l. Forma1 sisakok, Forma1 modellek, Forma1 ruh\\u00e1zat, Forma1 aj\\u00e1nd\\u00e9kt\\u00e1rgyak.\",\"publisher\":{\"@id\":\"https:\/\/paddockf1.hu\/#organization\"},\"potentialAction\":[{\"@type\":\"SearchAction\",\"target\":{\"@type\":\"EntryPoint\",\"urlTemplate\":\"https:\/\/paddockf1.hu\/?s={search_term_string}\"},\"query-input\":\"required name=search_term_string\"}],\"inLanguage\":\"en-US\"},{\"@type\":\"ImageObject\",\"@id\":\"https:\/\/paddockf1.hu\/forma1_f1_termekek\/sisak-alexander-albon-redbull-2020\/#primaryimage\",\"inLanguage\":\"en-US\",\"url\":\"https:\/\/paddockf1.hu\/wp-content\/uploads\/2021\/11\/Albon2-1.jpg\",\"contentUrl\":\"https:\/\/paddockf1.hu\/wp-content\/uploads\/2021\/11\/Albon2-1.jpg\",\"width\":1135,\"height\":815,\"caption\":\"Forma1 Formula1 F1 sisak helmetSISAK ALEXANDER ALBON \\u2013 REDBULL 2020\"},{\"@type\":\"WebPage\",\"@id\":\"https:\/\/paddockf1.hu\/forma1_f1_termekek\/sisak-alexander-albon-redbull-2020\/#webpage\",\"url\":\"https:\/\/paddockf1.hu\/forma1_f1_termekek\/sisak-alexander-albon-redbull-2020\/\",\"name\":\"HELMET ALEXANDER ALBON \\u2013 REDBULL 2020 | PaddockF1\",\"isPartOf\":{\"@id\":\"https:\/\/paddockf1.hu\/#website\"},\"primaryImageOfPage\":{\"@id\":\"https:\/\/paddockf1.hu\/forma1_f1_termekek\/sisak-alexander-albon-redbull-2020\/#primaryimage\"},\"datePublished\":\"2021-12-02T01:54:54+00:00\",\"dateModified\":\"2021-12-02T02:02:51+00:00\",\"description\":\"ALEXANDER ALBON 2020 helmet 1:2 scale | Minden, ami Forma1 | Forma1 sisak, Forma1 modell, Forma1 ruh\\u00e1zat, Forma1 aj\\u00e1nd\\u00e9kt\\u00e1rgyak.\",\"breadcrumb\":{\"@id\":\"https:\/\/paddockf1.hu\/forma1_f1_termekek\/sisak-alexander-albon-redbull-2020\/#breadcrumb\"},\"inLanguage\":\"en-US\",\"potentialAction\":[{\"@type\":\"ReadAction\",\"target\":[\"https:\/\/paddockf1.hu\/forma1_f1_termekek\/sisak-alexander-albon-redbull-2020\/\"]}]},{\"@type\":\"BreadcrumbList\",\"@id\":\"https:\/\/paddockf1.hu\/forma1_f1_termekek\/sisak-alexander-albon-redbull-2020\/#breadcrumb\",\"itemListElement\":[{\"@type\":\"ListItem\",\"position\":1,\"name\":\"Kezd\\u0151lap\",\"item\":\"https:\/\/paddockf1.hu\/\"},{\"@type\":\"ListItem\",\"position\":2,\"name\":\"Formula1 Shop\",\"item\":\"https:\/\/paddockf1.hu\/en\/formula-1-shop\/\"},{\"@type\":\"ListItem\",\"position\":3,\"name\":\"HELMET ALEXANDER ALBON \\u2013 REDBULL 2020\"}]}]}<\/script>\n<meta property=\"product:brand\" content=\"Bell (Arai)\" \/>\n<meta property=\"product:price:amount\" content=\"65500\" \/>\n<meta property=\"product:price:currency\" content=\"HUF\" \/>\n<meta property=\"og:availability\" content=\"instock\" \/>\n<meta property=\"product:availability\" content=\"instock\" \/>\n<meta property=\"product:retailer_item_id\" content=\"SISAK ALEXANDER ALBON \u2013 RED BULL 2020 1:2 - Mini helmet\" \/>\n<meta property=\"product:condition\" content=\"new\" \/>\n<!-- \/ Yoast SEO Premium plugin. -->","yoast_head_json":{"title":"HELMET ALEXANDER ALBON \u2013 REDBULL 2020 | PaddockF1","description":"ALEXANDER ALBON 2020 helmet 1:2 scale | Minden, ami Forma1 | Forma1 sisak, Forma1 modell, Forma1 ruh\u00e1zat, Forma1 aj\u00e1nd\u00e9kt\u00e1rgyak.","robots":{"index":"index","follow":"follow","max-snippet":"max-snippet:-1","max-image-preview":"max-image-preview:large","max-video-preview":"max-video-preview:-1"},"canonical":"https:\/\/paddockf1.hu\/forma1_f1_termekek\/sisak-alexander-albon-redbull-2020\/","og_locale":"en_US","og_type":"article","og_title":"HELMET ALEXANDER ALBON \u2013 REDBULL 2020","og_description":"ALEXANDER ALBON 2020 helmet 1:2 scale | Minden, ami Forma1 | Forma1 sisak, Forma1 modell, Forma1 ruh\u00e1zat, Forma1 aj\u00e1nd\u00e9kt\u00e1rgyak.","og_url":"https:\/\/paddockf1.hu\/forma1_f1_termekek\/sisak-alexander-albon-redbull-2020\/","og_site_name":"PaddockF1","article_publisher":"https:\/\/www.facebook.com\/F1model","article_modified_time":"2021-12-02T02:02:51+00:00","og_image":[{"width":1135,"height":815,"url":"https:\/\/paddockf1.hu\/wp-content\/uploads\/2021\/11\/Albon2-1.jpg","type":"image\/jpeg"}],"twitter_card":"summary_large_image","twitter_misc":{"Price":"65500&nbsp;&#70;&#116;","Availability":"In stock"},"schema":{"@context":"https:\/\/schema.org","@graph":[{"@type":"Organization","@id":"https:\/\/paddockf1.hu\/#organization","name":"PaddockF1","url":"https:\/\/paddockf1.hu\/","sameAs":["https:\/\/www.facebook.com\/F1model","https:\/\/www.instagram.com\/paddockf1_hu\/","https:\/\/www.youtube.com\/channel\/UCuTUsfp6vJhZC2mEKxK5jUA","https:\/\/hu.pinterest.com\/paddock_f1"],"logo":{"@type":"ImageObject","@id":"https:\/\/paddockf1.hu\/#logo","inLanguage":"en-US","url":"https:\/\/paddockf1.hu\/wp-content\/uploads\/2021\/11\/Logo-terv-teljes-feher-4.0-e1637255061369.jpg","contentUrl":"https:\/\/paddockf1.hu\/wp-content\/uploads\/2021\/11\/Logo-terv-teljes-feher-4.0-e1637255061369.jpg","width":400,"height":131,"caption":"PaddockF1"},"image":{"@id":"https:\/\/paddockf1.hu\/#logo"}},{"@type":"WebSite","@id":"https:\/\/paddockf1.hu\/#website","url":"https:\/\/paddockf1.hu\/","name":"PaddockF1","description":"Minden, ami Forma1 | A legt\u00f6bb \u00e9s legjobb term\u00e9kek az F1 vil\u00e1g\u00e1b\u00f3l. Forma1 sisakok, Forma1 modellek, Forma1 ruh\u00e1zat, Forma1 aj\u00e1nd\u00e9kt\u00e1rgyak.","publisher":{"@id":"https:\/\/paddockf1.hu\/#organization"},"potentialAction":[{"@type":"SearchAction","target":{"@type":"EntryPoint","urlTemplate":"https:\/\/paddockf1.hu\/?s={search_term_string}"},"query-input":"required name=search_term_string"}],"inLanguage":"en-US"},{"@type":"ImageObject","@id":"https:\/\/paddockf1.hu\/forma1_f1_termekek\/sisak-alexander-albon-redbull-2020\/#primaryimage","inLanguage":"en-US","url":"https:\/\/paddockf1.hu\/wp-content\/uploads\/2021\/11\/Albon2-1.jpg","contentUrl":"https:\/\/paddockf1.hu\/wp-content\/uploads\/2021\/11\/Albon2-1.jpg","width":1135,"height":815,"caption":"Forma1 Formula1 F1 sisak helmetSISAK ALEXANDER ALBON \u2013 REDBULL 2020"},{"@type":"WebPage","@id":"https:\/\/paddockf1.hu\/forma1_f1_termekek\/sisak-alexander-albon-redbull-2020\/#webpage","url":"https:\/\/paddockf1.hu\/forma1_f1_termekek\/sisak-alexander-albon-redbull-2020\/","name":"HELMET ALEXANDER ALBON \u2013 REDBULL 2020 | PaddockF1","isPartOf":{"@id":"https:\/\/paddockf1.hu\/#website"},"primaryImageOfPage":{"@id":"https:\/\/paddockf1.hu\/forma1_f1_termekek\/sisak-alexander-albon-redbull-2020\/#primaryimage"},"datePublished":"2021-12-02T01:54:54+00:00","dateModified":"2021-12-02T02:02:51+00:00","description":"ALEXANDER ALBON 2020 helmet 1:2 scale | Minden, ami Forma1 | Forma1 sisak, Forma1 modell, Forma1 ruh\u00e1zat, Forma1 aj\u00e1nd\u00e9kt\u00e1rgyak.","breadcrumb":{"@id":"https:\/\/paddockf1.hu\/forma1_f1_termekek\/sisak-alexander-albon-redbull-2020\/#breadcrumb"},"inLanguage":"en-US","potentialAction":[{"@type":"ReadAction","target":["https:\/\/paddockf1.hu\/forma1_f1_termekek\/sisak-alexander-albon-redbull-2020\/"]}]},{"@type":"BreadcrumbList","@id":"https:\/\/paddockf1.hu\/forma1_f1_termekek\/sisak-alexander-albon-redbull-2020\/#breadcrumb","itemListElement":[{"@type":"ListItem","position":1,"name":"Kezd\u0151lap","item":"https:\/\/paddockf1.hu\/"},{"@type":"ListItem","position":2,"name":"Formula1 Shop","item":"https:\/\/paddockf1.hu\/en\/formula-1-shop\/"},{"@type":"ListItem","position":3,"name":"HELMET ALEXANDER ALBON \u2013 REDBULL 2020"}]}]},"product_brand":"Bell (Arai)","product_price_amount":"65500","product_price_currency":"HUF","og_availability":"instock","product_availability":"instock","product_retailer_item_id":"SISAK ALEXANDER ALBON \u2013 RED BULL 2020 1:2 - Mini helmet","product_condition":"new"},"_links":{"self":[{"href":"https:\/\/paddockf1.hu\/en\/wp-json\/wp\/v2\/product\/5705"}],"collection":[{"href":"https:\/\/paddockf1.hu\/en\/wp-json\/wp\/v2\/product"}],"about":[{"href":"https:\/\/paddockf1.hu\/en\/wp-json\/wp\/v2\/types\/product"}],"replies":[{"embeddable":true,"href":"https:\/\/paddockf1.hu\/en\/wp-json\/wp\/v2\/comments?post=5705"}],"wp:featuredmedia":[{"embeddable":true,"href":"https:\/\/paddockf1.hu\/en\/wp-json\/wp\/v2\/media\/6492"}],"wp:attachment":[{"href":"https:\/\/paddockf1.hu\/en\/wp-json\/wp\/v2\/media?parent=5705"}],"wp:term":[{"taxonomy":"product_cat","embeddable":true,"href":"https:\/\/paddockf1.hu\/en\/wp-json\/wp\/v2\/product_cat?post=5705"},{"taxonomy":"product_tag","embeddable":true,"href":"https:\/\/paddockf1.hu\/en\/wp-json\/wp\/v2\/product_tag?post=5705"}],"curies":[{"name":"wp","href":"https:\/\/api.w.org\/{rel}","templated":true}]}}