{"id":5674,"date":"2021-11-25T17:28:20","date_gmt":"2021-12-01T18:48:18","guid":{"rendered":"https:\/\/paddockf1.hu\/forma1_f1_termekek\/alpine-f1-team-a521-esteban-ocon-gp-bahrain-2021-f1-modell\/"},"modified":"2021-12-06T22:28:23","modified_gmt":"2021-12-06T21:28:23","slug":"alpine-f1-team-a521-esteban-ocon-gp-bahrain-2021-f1-modell","status":"publish","type":"product","link":"https:\/\/paddockf1.hu\/en\/forma1_f1_termekek\/alpine-f1-team-a521-esteban-ocon-gp-bahrain-2021-f1-modell\/","title":{"rendered":"ALPINE F1 TEAM A521 &#8211; ESTEBAN OCON &#8211; GP BAHRAIN 2021 F1 modell"},"content":{"rendered":"<p>| Minden, ami Forma1 | Forma1 sisakok, Forma1 modellek, Forma1 ruh\u00e1zat, Forma1 aj\u00e1nd\u00e9kt\u00e1rgyak. |<\/p>\n","protected":false},"excerpt":{"rendered":"<p><strong>Gy\u00e1rt\u00f3: <\/strong>SPARK<br \/>\nMaterial: resin<br \/>\nScale:1:18<br \/>\nTeam: ALPINE F1 TEAM<br \/>\nTyp: A521 &#8211; GP Bahrain 2021<br \/>\nYear: 2021<\/p>\n","protected":false},"featured_media":5189,"comment_status":"open","ping_status":"closed","template":"","meta":[],"product_cat":[267,268,269,270,271,272,267,268,269,270,271,272],"product_tag":[273,273,274,274,275,275,276,276,277,277,278,278,279,279,280,280,281,281,282,282,283,283],"yoast_head":"<!-- This site is optimized with the Yoast SEO Premium plugin v17.6 (Yoast SEO v17.6) - https:\/\/yoast.com\/wordpress\/plugins\/seo\/ -->\n<title>ALPINE F1 TEAM A521 - ESTEBAN OCON - GP BAHRAIN 2021 F1 modell | PaddockF1<\/title>\n<meta name=\"description\" content=\"ASTON MARTIN AMR21\u2013SEBASTIAN VETEL GP BAHRAIN 2021 modell | Minden, ami Forma1 | Forma1 sisak, Forma1 modell, Forma1 ruh\u00e1zat, aj\u00e1nd\u00e9kt\u00e1rgyak.\" \/>\n<meta name=\"robots\" content=\"index, follow, max-snippet:-1, max-image-preview:large, max-video-preview:-1\" \/>\n<link rel=\"canonical\" href=\"https:\/\/paddockf1.hu\/forma1_f1_termekek\/alpine-f1-team-a521-esteban-ocon-gp-bahrain-2021-f1-modell\/\" \/>\n<meta property=\"og:locale\" content=\"en_US\" \/>\n<meta property=\"og:type\" content=\"article\" \/>\n<meta property=\"og:title\" content=\"ALPINE F1 TEAM A521 - ESTEBAN OCON - GP BAHRAIN 2021 F1 modell\" \/>\n<meta property=\"og:description\" content=\"ASTON MARTIN AMR21\u2013SEBASTIAN VETEL GP BAHRAIN 2021 modell | Minden, ami Forma1 | Forma1 sisak, Forma1 modell, Forma1 ruh\u00e1zat, aj\u00e1nd\u00e9kt\u00e1rgyak.\" \/>\n<meta property=\"og:url\" content=\"https:\/\/paddockf1.hu\/forma1_f1_termekek\/alpine-f1-team-a521-esteban-ocon-gp-bahrain-2021-f1-modell\/\" \/>\n<meta property=\"og:site_name\" content=\"PaddockF1\" \/>\n<meta property=\"article:publisher\" content=\"https:\/\/www.facebook.com\/F1model\" \/>\n<meta property=\"article:modified_time\" content=\"2021-12-06T21:28:23+00:00\" \/>\n<meta property=\"og:image\" content=\"https:\/\/paddockf1.hu\/wp-content\/uploads\/2021\/11\/ALPINE-F1-TEAM-A521-ESTEBAN-OCON-GP-BAHRAIN-2021-F1-modell.jpg\" \/>\n\t<meta property=\"og:image:width\" content=\"1135\" \/>\n\t<meta property=\"og:image:height\" content=\"689\" \/>\n<meta name=\"twitter:card\" content=\"summary_large_image\" \/>\n<meta name=\"twitter:label1\" content=\"Price\" \/>\n\t<meta name=\"twitter:data1\" content=\"62560&nbsp;&#70;&#116;\" \/>\n\t<meta name=\"twitter:label2\" content=\"Availability\" \/>\n\t<meta name=\"twitter:data2\" content=\"In stock\" \/>\n<script type=\"application\/ld+json\" class=\"yoast-schema-graph\">{\"@context\":\"https:\/\/schema.org\",\"@graph\":[{\"@type\":\"Organization\",\"@id\":\"https:\/\/paddockf1.hu\/#organization\",\"name\":\"PaddockF1\",\"url\":\"https:\/\/paddockf1.hu\/\",\"sameAs\":[\"https:\/\/www.facebook.com\/F1model\",\"https:\/\/www.instagram.com\/paddockf1_hu\/\",\"https:\/\/www.youtube.com\/channel\/UCuTUsfp6vJhZC2mEKxK5jUA\",\"https:\/\/hu.pinterest.com\/paddock_f1\"],\"logo\":{\"@type\":\"ImageObject\",\"@id\":\"https:\/\/paddockf1.hu\/#logo\",\"inLanguage\":\"en-US\",\"url\":\"https:\/\/paddockf1.hu\/wp-content\/uploads\/2021\/11\/Logo-terv-teljes-feher-4.0-e1637255061369.jpg\",\"contentUrl\":\"https:\/\/paddockf1.hu\/wp-content\/uploads\/2021\/11\/Logo-terv-teljes-feher-4.0-e1637255061369.jpg\",\"width\":400,\"height\":131,\"caption\":\"PaddockF1\"},\"image\":{\"@id\":\"https:\/\/paddockf1.hu\/#logo\"}},{\"@type\":\"WebSite\",\"@id\":\"https:\/\/paddockf1.hu\/#website\",\"url\":\"https:\/\/paddockf1.hu\/\",\"name\":\"PaddockF1\",\"description\":\"Minden, ami Forma1 | A legt\\u00f6bb \\u00e9s legjobb term\\u00e9kek az F1 vil\\u00e1g\\u00e1b\\u00f3l. Forma1 sisakok, Forma1 modellek, Forma1 ruh\\u00e1zat, Forma1 aj\\u00e1nd\\u00e9kt\\u00e1rgyak.\",\"publisher\":{\"@id\":\"https:\/\/paddockf1.hu\/#organization\"},\"potentialAction\":[{\"@type\":\"SearchAction\",\"target\":{\"@type\":\"EntryPoint\",\"urlTemplate\":\"https:\/\/paddockf1.hu\/?s={search_term_string}\"},\"query-input\":\"required name=search_term_string\"}],\"inLanguage\":\"en-US\"},{\"@type\":\"ImageObject\",\"@id\":\"https:\/\/paddockf1.hu\/forma1_f1_termekek\/alpine-f1-team-a521-esteban-ocon-gp-bahrain-2021-f1-modell\/#primaryimage\",\"inLanguage\":\"en-US\",\"url\":\"https:\/\/paddockf1.hu\/wp-content\/uploads\/2021\/11\/ALPINE-F1-TEAM-A521-ESTEBAN-OCON-GP-BAHRAIN-2021-F1-modell.jpg\",\"contentUrl\":\"https:\/\/paddockf1.hu\/wp-content\/uploads\/2021\/11\/ALPINE-F1-TEAM-A521-ESTEBAN-OCON-GP-BAHRAIN-2021-F1-modell.jpg\",\"width\":1135,\"height\":689,\"caption\":\"ALPINE-F1-TEAM-A521-ESTEBAN-OCON-GP-BAHRAIN-2021-F1-modell\"},{\"@type\":\"WebPage\",\"@id\":\"https:\/\/paddockf1.hu\/forma1_f1_termekek\/alpine-f1-team-a521-esteban-ocon-gp-bahrain-2021-f1-modell\/#webpage\",\"url\":\"https:\/\/paddockf1.hu\/forma1_f1_termekek\/alpine-f1-team-a521-esteban-ocon-gp-bahrain-2021-f1-modell\/\",\"name\":\"ALPINE F1 TEAM A521 - ESTEBAN OCON - GP BAHRAIN 2021 F1 modell | PaddockF1\",\"isPartOf\":{\"@id\":\"https:\/\/paddockf1.hu\/#website\"},\"primaryImageOfPage\":{\"@id\":\"https:\/\/paddockf1.hu\/forma1_f1_termekek\/alpine-f1-team-a521-esteban-ocon-gp-bahrain-2021-f1-modell\/#primaryimage\"},\"datePublished\":\"2021-12-01T18:48:18+00:00\",\"dateModified\":\"2021-12-06T21:28:23+00:00\",\"description\":\"ASTON MARTIN AMR21\\u2013SEBASTIAN VETEL GP BAHRAIN 2021 modell | Minden, ami Forma1 | Forma1 sisak, Forma1 modell, Forma1 ruh\\u00e1zat, aj\\u00e1nd\\u00e9kt\\u00e1rgyak.\",\"breadcrumb\":{\"@id\":\"https:\/\/paddockf1.hu\/forma1_f1_termekek\/alpine-f1-team-a521-esteban-ocon-gp-bahrain-2021-f1-modell\/#breadcrumb\"},\"inLanguage\":\"en-US\",\"potentialAction\":[{\"@type\":\"ReadAction\",\"target\":[\"https:\/\/paddockf1.hu\/forma1_f1_termekek\/alpine-f1-team-a521-esteban-ocon-gp-bahrain-2021-f1-modell\/\"]}]},{\"@type\":\"BreadcrumbList\",\"@id\":\"https:\/\/paddockf1.hu\/forma1_f1_termekek\/alpine-f1-team-a521-esteban-ocon-gp-bahrain-2021-f1-modell\/#breadcrumb\",\"itemListElement\":[{\"@type\":\"ListItem\",\"position\":1,\"name\":\"Kezd\\u0151lap\",\"item\":\"https:\/\/paddockf1.hu\/\"},{\"@type\":\"ListItem\",\"position\":2,\"name\":\"Formula1 Shop\",\"item\":\"https:\/\/paddockf1.hu\/en\/formula-1-shop\/\"},{\"@type\":\"ListItem\",\"position\":3,\"name\":\"ALPINE F1 TEAM A521 &#8211; ESTEBAN OCON &#8211; GP BAHRAIN 2021 F1 modell\"}]}]}<\/script>\n<meta property=\"product:brand\" content=\"Spark\" \/>\n<meta property=\"product:price:amount\" content=\"62560\" \/>\n<meta property=\"product:price:currency\" content=\"HUF\" \/>\n<meta property=\"og:availability\" content=\"instock\" \/>\n<meta property=\"product:availability\" content=\"instock\" \/>\n<meta property=\"product:retailer_item_id\" content=\"ALPINE F1 TEAM A521 - ESTEBAN OCON - GP BAHRAIN 2021 F1 modell\" \/>\n<meta property=\"product:condition\" content=\"new\" \/>\n<!-- \/ Yoast SEO Premium plugin. -->","yoast_head_json":{"title":"ALPINE F1 TEAM A521 - ESTEBAN OCON - GP BAHRAIN 2021 F1 modell | PaddockF1","description":"ASTON MARTIN AMR21\u2013SEBASTIAN VETEL GP BAHRAIN 2021 modell | Minden, ami Forma1 | Forma1 sisak, Forma1 modell, Forma1 ruh\u00e1zat, aj\u00e1nd\u00e9kt\u00e1rgyak.","robots":{"index":"index","follow":"follow","max-snippet":"max-snippet:-1","max-image-preview":"max-image-preview:large","max-video-preview":"max-video-preview:-1"},"canonical":"https:\/\/paddockf1.hu\/forma1_f1_termekek\/alpine-f1-team-a521-esteban-ocon-gp-bahrain-2021-f1-modell\/","og_locale":"en_US","og_type":"article","og_title":"ALPINE F1 TEAM A521 - ESTEBAN OCON - GP BAHRAIN 2021 F1 modell","og_description":"ASTON MARTIN AMR21\u2013SEBASTIAN VETEL GP BAHRAIN 2021 modell | Minden, ami Forma1 | Forma1 sisak, Forma1 modell, Forma1 ruh\u00e1zat, aj\u00e1nd\u00e9kt\u00e1rgyak.","og_url":"https:\/\/paddockf1.hu\/forma1_f1_termekek\/alpine-f1-team-a521-esteban-ocon-gp-bahrain-2021-f1-modell\/","og_site_name":"PaddockF1","article_publisher":"https:\/\/www.facebook.com\/F1model","article_modified_time":"2021-12-06T21:28:23+00:00","og_image":[{"width":1135,"height":689,"url":"https:\/\/paddockf1.hu\/wp-content\/uploads\/2021\/11\/ALPINE-F1-TEAM-A521-ESTEBAN-OCON-GP-BAHRAIN-2021-F1-modell.jpg","type":"image\/jpeg"}],"twitter_card":"summary_large_image","twitter_misc":{"Price":"62560&nbsp;&#70;&#116;","Availability":"In stock"},"schema":{"@context":"https:\/\/schema.org","@graph":[{"@type":"Organization","@id":"https:\/\/paddockf1.hu\/#organization","name":"PaddockF1","url":"https:\/\/paddockf1.hu\/","sameAs":["https:\/\/www.facebook.com\/F1model","https:\/\/www.instagram.com\/paddockf1_hu\/","https:\/\/www.youtube.com\/channel\/UCuTUsfp6vJhZC2mEKxK5jUA","https:\/\/hu.pinterest.com\/paddock_f1"],"logo":{"@type":"ImageObject","@id":"https:\/\/paddockf1.hu\/#logo","inLanguage":"en-US","url":"https:\/\/paddockf1.hu\/wp-content\/uploads\/2021\/11\/Logo-terv-teljes-feher-4.0-e1637255061369.jpg","contentUrl":"https:\/\/paddockf1.hu\/wp-content\/uploads\/2021\/11\/Logo-terv-teljes-feher-4.0-e1637255061369.jpg","width":400,"height":131,"caption":"PaddockF1"},"image":{"@id":"https:\/\/paddockf1.hu\/#logo"}},{"@type":"WebSite","@id":"https:\/\/paddockf1.hu\/#website","url":"https:\/\/paddockf1.hu\/","name":"PaddockF1","description":"Minden, ami Forma1 | A legt\u00f6bb \u00e9s legjobb term\u00e9kek az F1 vil\u00e1g\u00e1b\u00f3l. Forma1 sisakok, Forma1 modellek, Forma1 ruh\u00e1zat, Forma1 aj\u00e1nd\u00e9kt\u00e1rgyak.","publisher":{"@id":"https:\/\/paddockf1.hu\/#organization"},"potentialAction":[{"@type":"SearchAction","target":{"@type":"EntryPoint","urlTemplate":"https:\/\/paddockf1.hu\/?s={search_term_string}"},"query-input":"required name=search_term_string"}],"inLanguage":"en-US"},{"@type":"ImageObject","@id":"https:\/\/paddockf1.hu\/forma1_f1_termekek\/alpine-f1-team-a521-esteban-ocon-gp-bahrain-2021-f1-modell\/#primaryimage","inLanguage":"en-US","url":"https:\/\/paddockf1.hu\/wp-content\/uploads\/2021\/11\/ALPINE-F1-TEAM-A521-ESTEBAN-OCON-GP-BAHRAIN-2021-F1-modell.jpg","contentUrl":"https:\/\/paddockf1.hu\/wp-content\/uploads\/2021\/11\/ALPINE-F1-TEAM-A521-ESTEBAN-OCON-GP-BAHRAIN-2021-F1-modell.jpg","width":1135,"height":689,"caption":"ALPINE-F1-TEAM-A521-ESTEBAN-OCON-GP-BAHRAIN-2021-F1-modell"},{"@type":"WebPage","@id":"https:\/\/paddockf1.hu\/forma1_f1_termekek\/alpine-f1-team-a521-esteban-ocon-gp-bahrain-2021-f1-modell\/#webpage","url":"https:\/\/paddockf1.hu\/forma1_f1_termekek\/alpine-f1-team-a521-esteban-ocon-gp-bahrain-2021-f1-modell\/","name":"ALPINE F1 TEAM A521 - ESTEBAN OCON - GP BAHRAIN 2021 F1 modell | PaddockF1","isPartOf":{"@id":"https:\/\/paddockf1.hu\/#website"},"primaryImageOfPage":{"@id":"https:\/\/paddockf1.hu\/forma1_f1_termekek\/alpine-f1-team-a521-esteban-ocon-gp-bahrain-2021-f1-modell\/#primaryimage"},"datePublished":"2021-12-01T18:48:18+00:00","dateModified":"2021-12-06T21:28:23+00:00","description":"ASTON MARTIN AMR21\u2013SEBASTIAN VETEL GP BAHRAIN 2021 modell | Minden, ami Forma1 | Forma1 sisak, Forma1 modell, Forma1 ruh\u00e1zat, aj\u00e1nd\u00e9kt\u00e1rgyak.","breadcrumb":{"@id":"https:\/\/paddockf1.hu\/forma1_f1_termekek\/alpine-f1-team-a521-esteban-ocon-gp-bahrain-2021-f1-modell\/#breadcrumb"},"inLanguage":"en-US","potentialAction":[{"@type":"ReadAction","target":["https:\/\/paddockf1.hu\/forma1_f1_termekek\/alpine-f1-team-a521-esteban-ocon-gp-bahrain-2021-f1-modell\/"]}]},{"@type":"BreadcrumbList","@id":"https:\/\/paddockf1.hu\/forma1_f1_termekek\/alpine-f1-team-a521-esteban-ocon-gp-bahrain-2021-f1-modell\/#breadcrumb","itemListElement":[{"@type":"ListItem","position":1,"name":"Kezd\u0151lap","item":"https:\/\/paddockf1.hu\/"},{"@type":"ListItem","position":2,"name":"Formula1 Shop","item":"https:\/\/paddockf1.hu\/en\/formula-1-shop\/"},{"@type":"ListItem","position":3,"name":"ALPINE F1 TEAM A521 &#8211; ESTEBAN OCON &#8211; GP BAHRAIN 2021 F1 modell"}]}]},"product_brand":"Spark","product_price_amount":"62560","product_price_currency":"HUF","og_availability":"instock","product_availability":"instock","product_retailer_item_id":"ALPINE F1 TEAM A521 - ESTEBAN OCON - GP BAHRAIN 2021 F1 modell","product_condition":"new"},"_links":{"self":[{"href":"https:\/\/paddockf1.hu\/en\/wp-json\/wp\/v2\/product\/5674"}],"collection":[{"href":"https:\/\/paddockf1.hu\/en\/wp-json\/wp\/v2\/product"}],"about":[{"href":"https:\/\/paddockf1.hu\/en\/wp-json\/wp\/v2\/types\/product"}],"replies":[{"embeddable":true,"href":"https:\/\/paddockf1.hu\/en\/wp-json\/wp\/v2\/comments?post=5674"}],"wp:featuredmedia":[{"embeddable":true,"href":"https:\/\/paddockf1.hu\/en\/wp-json\/wp\/v2\/media\/5189"}],"wp:attachment":[{"href":"https:\/\/paddockf1.hu\/en\/wp-json\/wp\/v2\/media?parent=5674"}],"wp:term":[{"taxonomy":"product_cat","embeddable":true,"href":"https:\/\/paddockf1.hu\/en\/wp-json\/wp\/v2\/product_cat?post=5674"},{"taxonomy":"product_tag","embeddable":true,"href":"https:\/\/paddockf1.hu\/en\/wp-json\/wp\/v2\/product_tag?post=5674"}],"curies":[{"name":"wp","href":"https:\/\/api.w.org\/{rel}","templated":true}]}}