{"id":5607,"date":"2021-12-01T16:46:12","date_gmt":"2021-12-01T15:46:12","guid":{"rendered":"https:\/\/paddockf1.hu\/forma1_f1_termekek\/diorama-1-2021-12-01-2021-12-07\/"},"modified":"2021-12-08T01:06:24","modified_gmt":"2021-12-08T00:06:24","slug":"diorama-1-2021-12-01-2021-12-07","status":"publish","type":"product","link":"https:\/\/paddockf1.hu\/en\/forma1_f1_termekek\/diorama-1-2021-12-01-2021-12-07\/","title":{"rendered":"Diorama 1.  (2021.12.01.-2021.12.07.)"},"content":{"rendered":"","protected":false},"excerpt":{"rendered":"<p><span style=\"color: #000000;\">EVERY WEEK 1 NEW FREE DOWNLOAD DIORAMA WALLPAPER IN DIFFERENT SIZES!<\/span><\/p>\n<p><span style=\"color: #000000;\">On a self-built and self-made track: Grand Prix Start 2016 (Nico Rosberg (6) and Lewis Hamilton (44))<\/span><\/p>\n<p><span style=\"color: #000000;\">Models used:<\/span><\/p>\n<p><span style=\"color: #000000;\">Nico Rosberg (6) Mercedes F1 W07 Hybrid<\/span><\/p>\n<p><span style=\"color: #000000;\">Lewis Hamilton (44) Mercedes F1 W07 Hybrid<\/span><\/p>\n<p><span style=\"color: #000000;\"><br \/>\n<em><strong><span style=\"color: #ff0000;\">The download is free during the specified period but registration is required! It is no longer available for free after the end of the period! <\/span><\/strong><\/em><br \/>\n<\/span><\/p>\n","protected":false},"featured_media":5569,"comment_status":"closed","ping_status":"closed","template":"","meta":[],"product_cat":[235],"product_tag":[249,250,251,252],"yoast_head":"<!-- This site is optimized with the Yoast SEO Premium plugin v17.6 (Yoast SEO v17.6) - https:\/\/yoast.com\/wordpress\/plugins\/seo\/ -->\n<title>Diorama 1. (2021.12.01.-2021.12.07.) | PaddockF1<\/title>\n<meta name=\"description\" content=\"FREE DOWNLOAD DIORAMA WALLPAPER IN DIFFERENT SIZES! Grand Prix Start 2016 (Nico Rosberg (6) and Lewis Hamilton (44)) Models used: Nico Rosberg (6) Mercedes F1 W07 HybridLewis Hamilton (44) Mercedes F1 W07 Hybrid.\" \/>\n<meta name=\"robots\" content=\"index, follow, max-snippet:-1, max-image-preview:large, max-video-preview:-1\" \/>\n<link rel=\"canonical\" href=\"https:\/\/paddockf1.hu\/en\/forma1_f1_termekek\/diorama-1-2021-12-01-2021-12-07\/\" \/>\n<meta property=\"og:locale\" content=\"en_US\" \/>\n<meta property=\"og:type\" content=\"article\" \/>\n<meta property=\"og:title\" content=\"Diorama 1. (2021.12.01.-2021.12.07.)\" \/>\n<meta property=\"og:description\" content=\"FREE DOWNLOAD DIORAMA WALLPAPER IN DIFFERENT SIZES! Grand Prix Start 2016 (Nico Rosberg (6) and Lewis Hamilton (44)) Models used: Nico Rosberg (6) Mercedes F1 W07 HybridLewis Hamilton (44) Mercedes F1 W07 Hybrid.\" \/>\n<meta property=\"og:url\" content=\"https:\/\/paddockf1.hu\/en\/forma1_f1_termekek\/diorama-1-2021-12-01-2021-12-07\/\" \/>\n<meta property=\"og:site_name\" content=\"PaddockF1\" \/>\n<meta property=\"article:publisher\" content=\"https:\/\/www.facebook.com\/F1model\" \/>\n<meta property=\"article:modified_time\" content=\"2021-12-08T00:06:24+00:00\" \/>\n<meta property=\"og:image\" content=\"https:\/\/paddockf1.hu\/wp-content\/uploads\/2021\/11\/paddockf1-f1-diorama-2021-11-27.jpg\" \/>\n\t<meta property=\"og:image:width\" content=\"800\" \/>\n\t<meta property=\"og:image:height\" content=\"450\" \/>\n<meta name=\"twitter:card\" content=\"summary_large_image\" \/>\n<meta name=\"twitter:label1\" content=\"Availability\" \/>\n\t<meta name=\"twitter:data1\" content=\"In stock\" \/>\n<script type=\"application\/ld+json\" class=\"yoast-schema-graph\">{\"@context\":\"https:\/\/schema.org\",\"@graph\":[{\"@type\":\"Organization\",\"@id\":\"https:\/\/paddockf1.hu\/#organization\",\"name\":\"PaddockF1\",\"url\":\"https:\/\/paddockf1.hu\/\",\"sameAs\":[\"https:\/\/www.facebook.com\/F1model\",\"https:\/\/www.instagram.com\/paddockf1_hu\/\",\"https:\/\/www.youtube.com\/channel\/UCuTUsfp6vJhZC2mEKxK5jUA\",\"https:\/\/hu.pinterest.com\/paddock_f1\"],\"logo\":{\"@type\":\"ImageObject\",\"@id\":\"https:\/\/paddockf1.hu\/#logo\",\"inLanguage\":\"en-US\",\"url\":\"https:\/\/paddockf1.hu\/wp-content\/uploads\/2021\/11\/Logo-terv-teljes-feher-4.0-e1637255061369.jpg\",\"contentUrl\":\"https:\/\/paddockf1.hu\/wp-content\/uploads\/2021\/11\/Logo-terv-teljes-feher-4.0-e1637255061369.jpg\",\"width\":400,\"height\":131,\"caption\":\"PaddockF1\"},\"image\":{\"@id\":\"https:\/\/paddockf1.hu\/#logo\"}},{\"@type\":\"WebSite\",\"@id\":\"https:\/\/paddockf1.hu\/#website\",\"url\":\"https:\/\/paddockf1.hu\/\",\"name\":\"PaddockF1\",\"description\":\"Minden, ami Forma1 | A legt\\u00f6bb \\u00e9s legjobb term\\u00e9kek az F1 vil\\u00e1g\\u00e1b\\u00f3l. Forma1 sisakok, Forma1 modellek, Forma1 ruh\\u00e1zat, Forma1 aj\\u00e1nd\\u00e9kt\\u00e1rgyak.\",\"publisher\":{\"@id\":\"https:\/\/paddockf1.hu\/#organization\"},\"potentialAction\":[{\"@type\":\"SearchAction\",\"target\":{\"@type\":\"EntryPoint\",\"urlTemplate\":\"https:\/\/paddockf1.hu\/?s={search_term_string}\"},\"query-input\":\"required name=search_term_string\"}],\"inLanguage\":\"en-US\"},{\"@type\":\"ImageObject\",\"@id\":\"https:\/\/paddockf1.hu\/en\/forma1_f1_termekek\/diorama-1-2021-12-01-2021-12-07\/#primaryimage\",\"inLanguage\":\"en-US\",\"url\":\"https:\/\/paddockf1.hu\/wp-content\/uploads\/2021\/11\/paddockf1-f1-diorama-2021-11-27.jpg\",\"contentUrl\":\"https:\/\/paddockf1.hu\/wp-content\/uploads\/2021\/11\/paddockf1-f1-diorama-2021-11-27.jpg\",\"width\":800,\"height\":450},{\"@type\":\"WebPage\",\"@id\":\"https:\/\/paddockf1.hu\/en\/forma1_f1_termekek\/diorama-1-2021-12-01-2021-12-07\/#webpage\",\"url\":\"https:\/\/paddockf1.hu\/en\/forma1_f1_termekek\/diorama-1-2021-12-01-2021-12-07\/\",\"name\":\"Diorama 1. (2021.12.01.-2021.12.07.) | PaddockF1\",\"isPartOf\":{\"@id\":\"https:\/\/paddockf1.hu\/#website\"},\"primaryImageOfPage\":{\"@id\":\"https:\/\/paddockf1.hu\/en\/forma1_f1_termekek\/diorama-1-2021-12-01-2021-12-07\/#primaryimage\"},\"datePublished\":\"2021-12-01T15:46:12+00:00\",\"dateModified\":\"2021-12-08T00:06:24+00:00\",\"description\":\"FREE DOWNLOAD DIORAMA WALLPAPER IN DIFFERENT SIZES! Grand Prix Start 2016 (Nico Rosberg (6) and Lewis Hamilton (44)) Models used: Nico Rosberg (6) Mercedes F1 W07 HybridLewis Hamilton (44) Mercedes F1 W07 Hybrid.\",\"breadcrumb\":{\"@id\":\"https:\/\/paddockf1.hu\/en\/forma1_f1_termekek\/diorama-1-2021-12-01-2021-12-07\/#breadcrumb\"},\"inLanguage\":\"en-US\",\"potentialAction\":[{\"@type\":\"ReadAction\",\"target\":[\"https:\/\/paddockf1.hu\/en\/forma1_f1_termekek\/diorama-1-2021-12-01-2021-12-07\/\"]}]},{\"@type\":\"BreadcrumbList\",\"@id\":\"https:\/\/paddockf1.hu\/en\/forma1_f1_termekek\/diorama-1-2021-12-01-2021-12-07\/#breadcrumb\",\"itemListElement\":[{\"@type\":\"ListItem\",\"position\":1,\"name\":\"Kezd\\u0151lap\",\"item\":\"https:\/\/paddockf1.hu\/\"},{\"@type\":\"ListItem\",\"position\":2,\"name\":\"Formula1 Shop\",\"item\":\"https:\/\/paddockf1.hu\/en\/formula-1-shop\/\"},{\"@type\":\"ListItem\",\"position\":3,\"name\":\"Diorama 1. (2021.12.01.-2021.12.07.)\"}]}]}<\/script>\n<meta property=\"og:availability\" content=\"instock\" \/>\n<meta property=\"product:availability\" content=\"instock\" \/>\n<meta property=\"product:retailer_item_id\" content=\"Dior\u00e1ma 1.\" \/>\n<meta property=\"product:condition\" content=\"new\" \/>\n<!-- \/ Yoast SEO Premium plugin. -->","yoast_head_json":{"title":"Diorama 1. (2021.12.01.-2021.12.07.) | PaddockF1","description":"FREE DOWNLOAD DIORAMA WALLPAPER IN DIFFERENT SIZES! Grand Prix Start 2016 (Nico Rosberg (6) and Lewis Hamilton (44)) Models used: Nico Rosberg (6) Mercedes F1 W07 HybridLewis Hamilton (44) Mercedes F1 W07 Hybrid.","robots":{"index":"index","follow":"follow","max-snippet":"max-snippet:-1","max-image-preview":"max-image-preview:large","max-video-preview":"max-video-preview:-1"},"canonical":"https:\/\/paddockf1.hu\/en\/forma1_f1_termekek\/diorama-1-2021-12-01-2021-12-07\/","og_locale":"en_US","og_type":"article","og_title":"Diorama 1. (2021.12.01.-2021.12.07.)","og_description":"FREE DOWNLOAD DIORAMA WALLPAPER IN DIFFERENT SIZES! Grand Prix Start 2016 (Nico Rosberg (6) and Lewis Hamilton (44)) Models used: Nico Rosberg (6) Mercedes F1 W07 HybridLewis Hamilton (44) Mercedes F1 W07 Hybrid.","og_url":"https:\/\/paddockf1.hu\/en\/forma1_f1_termekek\/diorama-1-2021-12-01-2021-12-07\/","og_site_name":"PaddockF1","article_publisher":"https:\/\/www.facebook.com\/F1model","article_modified_time":"2021-12-08T00:06:24+00:00","og_image":[{"width":800,"height":450,"url":"https:\/\/paddockf1.hu\/wp-content\/uploads\/2021\/11\/paddockf1-f1-diorama-2021-11-27.jpg","type":"image\/jpeg"}],"twitter_card":"summary_large_image","twitter_misc":{"Availability":"In stock"},"schema":{"@context":"https:\/\/schema.org","@graph":[{"@type":"Organization","@id":"https:\/\/paddockf1.hu\/#organization","name":"PaddockF1","url":"https:\/\/paddockf1.hu\/","sameAs":["https:\/\/www.facebook.com\/F1model","https:\/\/www.instagram.com\/paddockf1_hu\/","https:\/\/www.youtube.com\/channel\/UCuTUsfp6vJhZC2mEKxK5jUA","https:\/\/hu.pinterest.com\/paddock_f1"],"logo":{"@type":"ImageObject","@id":"https:\/\/paddockf1.hu\/#logo","inLanguage":"en-US","url":"https:\/\/paddockf1.hu\/wp-content\/uploads\/2021\/11\/Logo-terv-teljes-feher-4.0-e1637255061369.jpg","contentUrl":"https:\/\/paddockf1.hu\/wp-content\/uploads\/2021\/11\/Logo-terv-teljes-feher-4.0-e1637255061369.jpg","width":400,"height":131,"caption":"PaddockF1"},"image":{"@id":"https:\/\/paddockf1.hu\/#logo"}},{"@type":"WebSite","@id":"https:\/\/paddockf1.hu\/#website","url":"https:\/\/paddockf1.hu\/","name":"PaddockF1","description":"Minden, ami Forma1 | A legt\u00f6bb \u00e9s legjobb term\u00e9kek az F1 vil\u00e1g\u00e1b\u00f3l. Forma1 sisakok, Forma1 modellek, Forma1 ruh\u00e1zat, Forma1 aj\u00e1nd\u00e9kt\u00e1rgyak.","publisher":{"@id":"https:\/\/paddockf1.hu\/#organization"},"potentialAction":[{"@type":"SearchAction","target":{"@type":"EntryPoint","urlTemplate":"https:\/\/paddockf1.hu\/?s={search_term_string}"},"query-input":"required name=search_term_string"}],"inLanguage":"en-US"},{"@type":"ImageObject","@id":"https:\/\/paddockf1.hu\/en\/forma1_f1_termekek\/diorama-1-2021-12-01-2021-12-07\/#primaryimage","inLanguage":"en-US","url":"https:\/\/paddockf1.hu\/wp-content\/uploads\/2021\/11\/paddockf1-f1-diorama-2021-11-27.jpg","contentUrl":"https:\/\/paddockf1.hu\/wp-content\/uploads\/2021\/11\/paddockf1-f1-diorama-2021-11-27.jpg","width":800,"height":450},{"@type":"WebPage","@id":"https:\/\/paddockf1.hu\/en\/forma1_f1_termekek\/diorama-1-2021-12-01-2021-12-07\/#webpage","url":"https:\/\/paddockf1.hu\/en\/forma1_f1_termekek\/diorama-1-2021-12-01-2021-12-07\/","name":"Diorama 1. (2021.12.01.-2021.12.07.) | PaddockF1","isPartOf":{"@id":"https:\/\/paddockf1.hu\/#website"},"primaryImageOfPage":{"@id":"https:\/\/paddockf1.hu\/en\/forma1_f1_termekek\/diorama-1-2021-12-01-2021-12-07\/#primaryimage"},"datePublished":"2021-12-01T15:46:12+00:00","dateModified":"2021-12-08T00:06:24+00:00","description":"FREE DOWNLOAD DIORAMA WALLPAPER IN DIFFERENT SIZES! Grand Prix Start 2016 (Nico Rosberg (6) and Lewis Hamilton (44)) Models used: Nico Rosberg (6) Mercedes F1 W07 HybridLewis Hamilton (44) Mercedes F1 W07 Hybrid.","breadcrumb":{"@id":"https:\/\/paddockf1.hu\/en\/forma1_f1_termekek\/diorama-1-2021-12-01-2021-12-07\/#breadcrumb"},"inLanguage":"en-US","potentialAction":[{"@type":"ReadAction","target":["https:\/\/paddockf1.hu\/en\/forma1_f1_termekek\/diorama-1-2021-12-01-2021-12-07\/"]}]},{"@type":"BreadcrumbList","@id":"https:\/\/paddockf1.hu\/en\/forma1_f1_termekek\/diorama-1-2021-12-01-2021-12-07\/#breadcrumb","itemListElement":[{"@type":"ListItem","position":1,"name":"Kezd\u0151lap","item":"https:\/\/paddockf1.hu\/"},{"@type":"ListItem","position":2,"name":"Formula1 Shop","item":"https:\/\/paddockf1.hu\/en\/formula-1-shop\/"},{"@type":"ListItem","position":3,"name":"Diorama 1. (2021.12.01.-2021.12.07.)"}]}]},"og_availability":"instock","product_availability":"instock","product_retailer_item_id":"Dior\u00e1ma 1.","product_condition":"new"},"_links":{"self":[{"href":"https:\/\/paddockf1.hu\/en\/wp-json\/wp\/v2\/product\/5607"}],"collection":[{"href":"https:\/\/paddockf1.hu\/en\/wp-json\/wp\/v2\/product"}],"about":[{"href":"https:\/\/paddockf1.hu\/en\/wp-json\/wp\/v2\/types\/product"}],"replies":[{"embeddable":true,"href":"https:\/\/paddockf1.hu\/en\/wp-json\/wp\/v2\/comments?post=5607"}],"wp:featuredmedia":[{"embeddable":true,"href":"https:\/\/paddockf1.hu\/en\/wp-json\/wp\/v2\/media\/5569"}],"wp:attachment":[{"href":"https:\/\/paddockf1.hu\/en\/wp-json\/wp\/v2\/media?parent=5607"}],"wp:term":[{"taxonomy":"product_cat","embeddable":true,"href":"https:\/\/paddockf1.hu\/en\/wp-json\/wp\/v2\/product_cat?post=5607"},{"taxonomy":"product_tag","embeddable":true,"href":"https:\/\/paddockf1.hu\/en\/wp-json\/wp\/v2\/product_tag?post=5607"}],"curies":[{"name":"wp","href":"https:\/\/api.w.org\/{rel}","templated":true}]}}