{"id":5615,"date":"2021-11-16T10:20:26","date_gmt":"2021-11-16T10:20:26","guid":{"rendered":"https:\/\/paddockf1.hu\/kosar\/"},"modified":"2021-12-01T17:44:53","modified_gmt":"2021-12-01T16:44:53","slug":"cart","status":"publish","type":"page","link":"https:\/\/paddockf1.hu\/en\/cart\/","title":{"rendered":"Cart"},"content":{"rendered":"<p>[vc_row disable_background_image=&#8221;&#8221; css=&#8221;.vc_custom_1637242667407{padding-right: 5% !important;padding-left: 5% !important;}&#8221;][vc_column][vc_column_text]\n<p>\n[\/vc_column_text][\/vc_column][\/vc_row]<\/p>","protected":false},"excerpt":{"rendered":"<p>[vc_row disable_background_image=&#8221;&#8221; css=&#8221;.vc_custom_1637242667407{padding-right: 5% !important;padding-left: 5% !important;}&#8221;][vc_column][vc_column_text][\/vc_column_text][\/vc_column][\/vc_row]<\/p>\n","protected":false},"author":1,"featured_media":0,"parent":0,"menu_order":0,"comment_status":"closed","ping_status":"closed","template":"","meta":[],"yoast_head":"<!-- This site is optimized with the Yoast SEO Premium plugin v17.6 (Yoast SEO v17.6) - https:\/\/yoast.com\/wordpress\/plugins\/seo\/ -->\n<title>Minden, ami Forma 1 | F1 sisak, modell, aj\u00e1nd\u00e9kt\u00e1rgy, p\u00f3l\u00f3, dior\u00e1ma | PaddockF1<\/title>\n<meta name=\"description\" content=\"Forma 1 modell, sisak, aj\u00e1nd\u00e9kt\u00e1rgy, p\u00f3l\u00f3, ruh\u00e1zat a legjobb \u00e1ron, legnagyobb k\u00edn\u00e1latban . \u0150r\u00fcletes szenved\u00e9llyel a Forma 1 minden szeglet\u00e9r\u0151l\" \/>\n<meta name=\"robots\" content=\"index, follow, max-snippet:-1, max-image-preview:large, max-video-preview:-1\" \/>\n<link rel=\"canonical\" href=\"https:\/\/paddockf1.hu\/en\/cart\/\" \/>\n<meta property=\"og:locale\" content=\"en_US\" \/>\n<meta property=\"og:type\" content=\"article\" \/>\n<meta property=\"og:title\" content=\"Minden, ami Forma 1 | F1 sisak, modell, aj\u00e1nd\u00e9kt\u00e1rgy, p\u00f3l\u00f3, dior\u00e1ma | PaddockF1.hu | Cart\" \/>\n<meta property=\"og:description\" content=\"Forma 1 modell, sisak, aj\u00e1nd\u00e9kt\u00e1rgy, p\u00f3l\u00f3, ruh\u00e1zat a legjobb \u00e1ron, legnagyobb k\u00edn\u00e1latban . \u0150r\u00fcletes szenved\u00e9llyel a Forma 1 minden szeglet\u00e9r\u0151l\" \/>\n<meta property=\"og:url\" content=\"https:\/\/paddockf1.hu\/en\/cart\/\" \/>\n<meta property=\"og:site_name\" content=\"PaddockF1\" \/>\n<meta property=\"article:publisher\" content=\"https:\/\/www.facebook.com\/F1model\" \/>\n<meta property=\"article:modified_time\" content=\"2021-12-01T16:44:53+00:00\" \/>\n<meta name=\"twitter:card\" content=\"summary_large_image\" \/>\n<script type=\"application\/ld+json\" class=\"yoast-schema-graph\">{\"@context\":\"https:\/\/schema.org\",\"@graph\":[{\"@type\":\"Organization\",\"@id\":\"https:\/\/paddockf1.hu\/#organization\",\"name\":\"PaddockF1\",\"url\":\"https:\/\/paddockf1.hu\/\",\"sameAs\":[\"https:\/\/www.facebook.com\/F1model\",\"https:\/\/www.instagram.com\/paddockf1_hu\/\",\"https:\/\/www.youtube.com\/channel\/UCuTUsfp6vJhZC2mEKxK5jUA\",\"https:\/\/hu.pinterest.com\/paddock_f1\"],\"logo\":{\"@type\":\"ImageObject\",\"@id\":\"https:\/\/paddockf1.hu\/#logo\",\"inLanguage\":\"en-US\",\"url\":\"https:\/\/paddockf1.hu\/wp-content\/uploads\/2021\/11\/Logo-terv-teljes-feher-4.0-e1637255061369.jpg\",\"contentUrl\":\"https:\/\/paddockf1.hu\/wp-content\/uploads\/2021\/11\/Logo-terv-teljes-feher-4.0-e1637255061369.jpg\",\"width\":400,\"height\":131,\"caption\":\"PaddockF1\"},\"image\":{\"@id\":\"https:\/\/paddockf1.hu\/#logo\"}},{\"@type\":\"WebSite\",\"@id\":\"https:\/\/paddockf1.hu\/#website\",\"url\":\"https:\/\/paddockf1.hu\/\",\"name\":\"PaddockF1\",\"description\":\"Minden, ami Forma1 | A legt\\u00f6bb \\u00e9s legjobb term\\u00e9kek az F1 vil\\u00e1g\\u00e1b\\u00f3l. Forma1 sisakok, Forma1 modellek, Forma1 ruh\\u00e1zat, Forma1 aj\\u00e1nd\\u00e9kt\\u00e1rgyak.\",\"publisher\":{\"@id\":\"https:\/\/paddockf1.hu\/#organization\"},\"potentialAction\":[{\"@type\":\"SearchAction\",\"target\":{\"@type\":\"EntryPoint\",\"urlTemplate\":\"https:\/\/paddockf1.hu\/?s={search_term_string}\"},\"query-input\":\"required name=search_term_string\"}],\"inLanguage\":\"en-US\"},{\"@type\":\"WebPage\",\"@id\":\"https:\/\/paddockf1.hu\/en\/cart\/#webpage\",\"url\":\"https:\/\/paddockf1.hu\/en\/cart\/\",\"name\":\"Minden, ami Forma 1 | F1 sisak, modell, aj\\u00e1nd\\u00e9kt\\u00e1rgy, p\\u00f3l\\u00f3, dior\\u00e1ma | PaddockF1\",\"isPartOf\":{\"@id\":\"https:\/\/paddockf1.hu\/#website\"},\"datePublished\":\"2021-11-16T10:20:26+00:00\",\"dateModified\":\"2021-12-01T16:44:53+00:00\",\"description\":\"Forma 1 modell, sisak, aj\\u00e1nd\\u00e9kt\\u00e1rgy, p\\u00f3l\\u00f3, ruh\\u00e1zat a legjobb \\u00e1ron, legnagyobb k\\u00edn\\u00e1latban . \\u0150r\\u00fcletes szenved\\u00e9llyel a Forma 1 minden szeglet\\u00e9r\\u0151l\",\"breadcrumb\":{\"@id\":\"https:\/\/paddockf1.hu\/en\/cart\/#breadcrumb\"},\"inLanguage\":\"en-US\",\"potentialAction\":[{\"@type\":\"ReadAction\",\"target\":[\"https:\/\/paddockf1.hu\/en\/cart\/\"]}]},{\"@type\":\"BreadcrumbList\",\"@id\":\"https:\/\/paddockf1.hu\/en\/cart\/#breadcrumb\",\"itemListElement\":[{\"@type\":\"ListItem\",\"position\":1,\"name\":\"Kezd\\u0151lap\",\"item\":\"https:\/\/paddockf1.hu\/\"},{\"@type\":\"ListItem\",\"position\":2,\"name\":\"Cart\"}]}]}<\/script>\n<!-- \/ Yoast SEO Premium plugin. -->","yoast_head_json":{"title":"Minden, ami Forma 1 | F1 sisak, modell, aj\u00e1nd\u00e9kt\u00e1rgy, p\u00f3l\u00f3, dior\u00e1ma | PaddockF1","description":"Forma 1 modell, sisak, aj\u00e1nd\u00e9kt\u00e1rgy, p\u00f3l\u00f3, ruh\u00e1zat a legjobb \u00e1ron, legnagyobb k\u00edn\u00e1latban . \u0150r\u00fcletes szenved\u00e9llyel a Forma 1 minden szeglet\u00e9r\u0151l","robots":{"index":"index","follow":"follow","max-snippet":"max-snippet:-1","max-image-preview":"max-image-preview:large","max-video-preview":"max-video-preview:-1"},"canonical":"https:\/\/paddockf1.hu\/en\/cart\/","og_locale":"en_US","og_type":"article","og_title":"Minden, ami Forma 1 | F1 sisak, modell, aj\u00e1nd\u00e9kt\u00e1rgy, p\u00f3l\u00f3, dior\u00e1ma | PaddockF1.hu | Cart","og_description":"Forma 1 modell, sisak, aj\u00e1nd\u00e9kt\u00e1rgy, p\u00f3l\u00f3, ruh\u00e1zat a legjobb \u00e1ron, legnagyobb k\u00edn\u00e1latban . \u0150r\u00fcletes szenved\u00e9llyel a Forma 1 minden szeglet\u00e9r\u0151l","og_url":"https:\/\/paddockf1.hu\/en\/cart\/","og_site_name":"PaddockF1","article_publisher":"https:\/\/www.facebook.com\/F1model","article_modified_time":"2021-12-01T16:44:53+00:00","twitter_card":"summary_large_image","schema":{"@context":"https:\/\/schema.org","@graph":[{"@type":"Organization","@id":"https:\/\/paddockf1.hu\/#organization","name":"PaddockF1","url":"https:\/\/paddockf1.hu\/","sameAs":["https:\/\/www.facebook.com\/F1model","https:\/\/www.instagram.com\/paddockf1_hu\/","https:\/\/www.youtube.com\/channel\/UCuTUsfp6vJhZC2mEKxK5jUA","https:\/\/hu.pinterest.com\/paddock_f1"],"logo":{"@type":"ImageObject","@id":"https:\/\/paddockf1.hu\/#logo","inLanguage":"en-US","url":"https:\/\/paddockf1.hu\/wp-content\/uploads\/2021\/11\/Logo-terv-teljes-feher-4.0-e1637255061369.jpg","contentUrl":"https:\/\/paddockf1.hu\/wp-content\/uploads\/2021\/11\/Logo-terv-teljes-feher-4.0-e1637255061369.jpg","width":400,"height":131,"caption":"PaddockF1"},"image":{"@id":"https:\/\/paddockf1.hu\/#logo"}},{"@type":"WebSite","@id":"https:\/\/paddockf1.hu\/#website","url":"https:\/\/paddockf1.hu\/","name":"PaddockF1","description":"Minden, ami Forma1 | A legt\u00f6bb \u00e9s legjobb term\u00e9kek az F1 vil\u00e1g\u00e1b\u00f3l. Forma1 sisakok, Forma1 modellek, Forma1 ruh\u00e1zat, Forma1 aj\u00e1nd\u00e9kt\u00e1rgyak.","publisher":{"@id":"https:\/\/paddockf1.hu\/#organization"},"potentialAction":[{"@type":"SearchAction","target":{"@type":"EntryPoint","urlTemplate":"https:\/\/paddockf1.hu\/?s={search_term_string}"},"query-input":"required name=search_term_string"}],"inLanguage":"en-US"},{"@type":"WebPage","@id":"https:\/\/paddockf1.hu\/en\/cart\/#webpage","url":"https:\/\/paddockf1.hu\/en\/cart\/","name":"Minden, ami Forma 1 | F1 sisak, modell, aj\u00e1nd\u00e9kt\u00e1rgy, p\u00f3l\u00f3, dior\u00e1ma | PaddockF1","isPartOf":{"@id":"https:\/\/paddockf1.hu\/#website"},"datePublished":"2021-11-16T10:20:26+00:00","dateModified":"2021-12-01T16:44:53+00:00","description":"Forma 1 modell, sisak, aj\u00e1nd\u00e9kt\u00e1rgy, p\u00f3l\u00f3, ruh\u00e1zat a legjobb \u00e1ron, legnagyobb k\u00edn\u00e1latban . \u0150r\u00fcletes szenved\u00e9llyel a Forma 1 minden szeglet\u00e9r\u0151l","breadcrumb":{"@id":"https:\/\/paddockf1.hu\/en\/cart\/#breadcrumb"},"inLanguage":"en-US","potentialAction":[{"@type":"ReadAction","target":["https:\/\/paddockf1.hu\/en\/cart\/"]}]},{"@type":"BreadcrumbList","@id":"https:\/\/paddockf1.hu\/en\/cart\/#breadcrumb","itemListElement":[{"@type":"ListItem","position":1,"name":"Kezd\u0151lap","item":"https:\/\/paddockf1.hu\/"},{"@type":"ListItem","position":2,"name":"Cart"}]}]}},"_links":{"self":[{"href":"https:\/\/paddockf1.hu\/en\/wp-json\/wp\/v2\/pages\/5615"}],"collection":[{"href":"https:\/\/paddockf1.hu\/en\/wp-json\/wp\/v2\/pages"}],"about":[{"href":"https:\/\/paddockf1.hu\/en\/wp-json\/wp\/v2\/types\/page"}],"author":[{"embeddable":true,"href":"https:\/\/paddockf1.hu\/en\/wp-json\/wp\/v2\/users\/1"}],"replies":[{"embeddable":true,"href":"https:\/\/paddockf1.hu\/en\/wp-json\/wp\/v2\/comments?post=5615"}],"version-history":[{"count":0,"href":"https:\/\/paddockf1.hu\/en\/wp-json\/wp\/v2\/pages\/5615\/revisions"}],"wp:attachment":[{"href":"https:\/\/paddockf1.hu\/en\/wp-json\/wp\/v2\/media?parent=5615"}],"curies":[{"name":"wp","href":"https:\/\/api.w.org\/{rel}","templated":true}]}}